{"id":11277,"date":"2022-11-17T08:16:23","date_gmt":"2022-11-17T08:16:23","guid":{"rendered":"https:\/\/goldencrowntours.com\/?page_id=11277"},"modified":"2023-01-23T11:52:36","modified_gmt":"2023-01-23T11:52:36","slug":"hill-of-elijah","status":"publish","type":"page","link":"https:\/\/goldencrowntours.com\/sp\/hill-of-elijah\/","title":{"rendered":"Hill of Elijah"},"content":{"rendered":"<p>[vc_row][vc_column][vc_single_image image=&#8221;11281&#8243; img_size=&#8221;full&#8221; alignment=&#8221;center&#8221;][\/vc_column][\/vc_row][vc_row][vc_column][vc_empty_space][\/vc_column][\/vc_row][vc_row equal_height=&#8221;yes&#8221;][vc_column width=&#8221;2\/3&#8243;]<div class='dt-sc-section-title alignleft  vc_custom_1674478330973'><h2><span><\/span> Colina de El\u00edas<\/h2><p><\/p><\/div><div class='dt-sc-clear '> <\/div>[vc_custom_heading text=&#8221;Uno de los sitios m\u00e1s importantes del Sitio del Bautismo es la Colina de El\u00edas, el lugar donde El\u00edas ascendi\u00f3 al cielo en el siglo IX a.C. La Biblia dice que El\u00edas regresar\u00eda antes de la venida de Jes\u00fas, por lo que cuando Juan el Bautista comenz\u00f3 a bautizar a la gente all\u00ed, caus\u00f3 un gran revuelo en los pueblos de los alrededores. Los aldeanos vinieron a preguntar si \u00e9l era o no su mes\u00edas. \u00c9l respondi\u00f3: \u201cSoy una voz que clama en el desierto, preparando el camino del Se\u00f1or\u201d.<\/p>\n<p>En el lado occidental de la Colina de El\u00edas, hay una cueva donde vivi\u00f3 Juan, y donde se sab\u00eda que Jes\u00fas lo visitaba. Este se considera un lugar muy sagrado y, por lo tanto, se construy\u00f3 una iglesia alrededor de la cueva cuando se construy\u00f3 el monasterio en el siglo V. Fue el primer monasterio al este del r\u00edo Jord\u00e1n en la ruta de peregrinaci\u00f3n cristiana primitiva entre Jerusal\u00e9n y Bel\u00e9n al oeste y el Monte Nebo al este. Visualmente, el sitio es muy similar a c\u00f3mo se habr\u00eda visto en la \u00e9poca de Jes\u00fas y Juan. La Biblia describe las ca\u00f1as que se pueden ver durante todo el a\u00f1o en la actualidad. Los peque\u00f1os arbustos toscos son el h\u00e1bitat natural de las abejas, record\u00e1ndonos lo que com\u00eda Juan Bautista, miel silvestre y langostas.<\/p>\n<p>Wadi al-Kharrar es el nombre moderno del sitio de &#8216;Saphsaphas&#8217;, que se representa en el mapa de mosaico del siglo VI de Tierra Santa en Madaba. El sitio se encuentra al este del r\u00edo Jord\u00e1n, justo al oeste del pueblo de Al-Kafrayn y a la vista de la famosa ciudad de Jeric\u00f3 al oeste del r\u00edo.<\/p>\n<p>Al comienzo de Wadi al-Kharrar, cerca del complejo mon\u00e1stico, o \u201cLaura\u201d, tradicionalmente se ha mostrado a los peregrinos cristianos una colina (conocida como Jabel Mar Elias en \u00e1rabe) donde el profeta El\u00edas ascendi\u00f3 al cielo. Aqu\u00ed puedes ver un santuario que atra\u00eda a los peregrinos hasta bien entrada la \u00e9poca medieval.&#8221; font_container=&#8221;tag:p|text_align:left&#8221; use_theme_fonts=&#8221;yes&#8221;]<div class='dt-sc-hr-invisible-small '> <\/div>[\/vc_column][vc_column width=&#8221;1\/3&#8243; css=&#8221;.vc_custom_1668676839527{background-image: url(https:\/\/goldencrowntours.com\/wp-content\/uploads\/2022\/11\/5dd0b86f-9fb5-4c5c-affa-a3fe2ffa728b.jpg?id=11281) !important;background-position: center !important;background-repeat: no-repeat !important;background-size: cover !important;}&#8221; addstyles=&#8221;min-height: 400px;&#8221;][\/vc_column][\/vc_row][vc_row][vc_column][vc_empty_space][\/vc_column][\/vc_row]<\/p>\n","protected":false},"excerpt":{"rendered":"<p>[vc_row][vc_column][vc_single_image image=&#8221;11281&#8243; img_size=&#8221;full&#8221; alignment=&#8221;center&#8221;][\/vc_column][\/vc_row][vc_row][vc_column][vc_empty_space][\/vc_column][\/vc_row][vc_row equal_height=&#8221;yes&#8221;][vc_column width=&#8221;2\/3&#8243;][vc_custom_heading text=&#8221;Uno de los sitios m\u00e1s importantes del Sitio del Bautismo es la Colina de El\u00edas, el lugar donde El\u00edas ascendi\u00f3 al cielo en el siglo IX a.C. La Biblia dice que El\u00edas regresar\u00eda antes de la venida de Jes\u00fas, por lo que cuando Juan el Bautista comenz\u00f3 a bautizar [&hellip;]<\/p>\n","protected":false},"author":1,"featured_media":0,"parent":0,"menu_order":0,"comment_status":"closed","ping_status":"closed","template":"","meta":{"_joinchat":[]},"_links":{"self":[{"href":"https:\/\/goldencrowntours.com\/sp\/wp-json\/wp\/v2\/pages\/11277"}],"collection":[{"href":"https:\/\/goldencrowntours.com\/sp\/wp-json\/wp\/v2\/pages"}],"about":[{"href":"https:\/\/goldencrowntours.com\/sp\/wp-json\/wp\/v2\/types\/page"}],"author":[{"embeddable":true,"href":"https:\/\/goldencrowntours.com\/sp\/wp-json\/wp\/v2\/users\/1"}],"replies":[{"embeddable":true,"href":"https:\/\/goldencrowntours.com\/sp\/wp-json\/wp\/v2\/comments?post=11277"}],"version-history":[{"count":5,"href":"https:\/\/goldencrowntours.com\/sp\/wp-json\/wp\/v2\/pages\/11277\/revisions"}],"predecessor-version":[{"id":11695,"href":"https:\/\/goldencrowntours.com\/sp\/wp-json\/wp\/v2\/pages\/11277\/revisions\/11695"}],"wp:attachment":[{"href":"https:\/\/goldencrowntours.com\/sp\/wp-json\/wp\/v2\/media?parent=11277"}],"curies":[{"name":"wp","href":"https:\/\/api.w.org\/{rel}","templated":true}]}}