{"id":11276,"date":"2022-11-17T08:16:14","date_gmt":"2022-11-17T08:16:14","guid":{"rendered":"https:\/\/goldencrowntours.com\/?page_id=11276"},"modified":"2023-01-23T11:51:29","modified_gmt":"2023-01-23T11:51:29","slug":"lady-of-the-mountain","status":"publish","type":"page","link":"https:\/\/goldencrowntours.com\/sp\/lady-of-the-mountain\/","title":{"rendered":"Lady of the mountain"},"content":{"rendered":"<p>[vc_row][vc_column][vc_single_image image=&#8221;11284&#8243; img_size=&#8221;full&#8221; alignment=&#8221;center&#8221;][\/vc_column][\/vc_row][vc_row][vc_column][vc_empty_space][\/vc_column][\/vc_row][vc_row equal_height=&#8221;yes&#8221;][vc_column width=&#8221;2\/3&#8243;]<div class='dt-sc-section-title alignleft  vc_custom_1674478266541'><h2><span><\/span> dama de la monta\u00f1a<\/h2><p><\/p><\/div><div class='dt-sc-clear '> <\/div>[vc_custom_heading text=&#8221;Se cree que Jesucristo, sus disc\u00edpulos y la Virgen Mar\u00eda pasaron una vez por Anjara en las colinas de Galaad y descansaron en una cueva all\u00ed durante un viaje entre el Mar de Galilea, las ciudades de Dec\u00e1polis, Betania al otro lado del Jord\u00e1n y Jerusal\u00e9n. La cueva en Anjara ha sido durante mucho tiempo un lugar sagrado para los peregrinos y ahora se conmemora con un santuario moderno, la Iglesia de Nuestra Se\u00f1ora de la Monta\u00f1a. La cueva tambi\u00e9n fue designada por las Iglesias Cat\u00f3licas de Medio Oriente como uno de los cinco lugares de peregrinaci\u00f3n para el a\u00f1o 2000.&#8221; font_container=&#8221;tag:p|text_align:left&#8221; use_theme_fonts=&#8221;yes&#8221;]<div class='dt-sc-hr-invisible-small '> <\/div>[\/vc_column][vc_column width=&#8221;1\/3&#8243; css=&#8221;.vc_custom_1668676990660{background-image: url(https:\/\/goldencrowntours.com\/wp-content\/uploads\/2022\/11\/42e4dc77-657e-4302-bff5-673b35bdb67d.jpg?id=11284) !important;background-position: center !important;background-repeat: no-repeat !important;background-size: cover !important;}&#8221; addstyles=&#8221;min-height: 400px;&#8221;][\/vc_column][\/vc_row][vc_row][vc_column][vc_empty_space][\/vc_column][\/vc_row]<\/p>\n","protected":false},"excerpt":{"rendered":"<p>[vc_row][vc_column][vc_single_image image=&#8221;11284&#8243; img_size=&#8221;full&#8221; alignment=&#8221;center&#8221;][\/vc_column][\/vc_row][vc_row][vc_column][vc_empty_space][\/vc_column][\/vc_row][vc_row equal_height=&#8221;yes&#8221;][vc_column width=&#8221;2\/3&#8243;][vc_custom_heading text=&#8221;Se cree que Jesucristo, sus disc\u00edpulos y la Virgen Mar\u00eda pasaron una vez por Anjara en las colinas de Galaad y descansaron en una cueva all\u00ed durante un viaje entre el Mar de Galilea, las ciudades de Dec\u00e1polis, Betania al otro lado del Jord\u00e1n y Jerusal\u00e9n. La cueva en [&hellip;]<\/p>\n","protected":false},"author":1,"featured_media":0,"parent":0,"menu_order":0,"comment_status":"closed","ping_status":"closed","template":"","meta":{"_joinchat":[]},"_links":{"self":[{"href":"https:\/\/goldencrowntours.com\/sp\/wp-json\/wp\/v2\/pages\/11276"}],"collection":[{"href":"https:\/\/goldencrowntours.com\/sp\/wp-json\/wp\/v2\/pages"}],"about":[{"href":"https:\/\/goldencrowntours.com\/sp\/wp-json\/wp\/v2\/types\/page"}],"author":[{"embeddable":true,"href":"https:\/\/goldencrowntours.com\/sp\/wp-json\/wp\/v2\/users\/1"}],"replies":[{"embeddable":true,"href":"https:\/\/goldencrowntours.com\/sp\/wp-json\/wp\/v2\/comments?post=11276"}],"version-history":[{"count":5,"href":"https:\/\/goldencrowntours.com\/sp\/wp-json\/wp\/v2\/pages\/11276\/revisions"}],"predecessor-version":[{"id":11694,"href":"https:\/\/goldencrowntours.com\/sp\/wp-json\/wp\/v2\/pages\/11276\/revisions\/11694"}],"wp:attachment":[{"href":"https:\/\/goldencrowntours.com\/sp\/wp-json\/wp\/v2\/media?parent=11276"}],"curies":[{"name":"wp","href":"https:\/\/api.w.org\/{rel}","templated":true}]}}