{"id":11274,"date":"2022-11-17T08:13:32","date_gmt":"2022-11-17T08:13:32","guid":{"rendered":"https:\/\/goldencrowntours.com\/?page_id=11274"},"modified":"2023-01-23T11:49:42","modified_gmt":"2023-01-23T11:49:42","slug":"mount-nebo","status":"publish","type":"page","link":"https:\/\/goldencrowntours.com\/sp\/mount-nebo\/","title":{"rendered":"Mount Nebo"},"content":{"rendered":"<p>[vc_row][vc_column][vc_single_image image=&#8221;11287&#8243; img_size=&#8221;full&#8221; alignment=&#8221;center&#8221;][\/vc_column][\/vc_row][vc_row][vc_column][vc_empty_space][\/vc_column][\/vc_row][vc_row equal_height=&#8221;yes&#8221;][vc_column width=&#8221;2\/3&#8243;]<div class='dt-sc-section-title alignleft  vc_custom_1674478157028'><h2><span><\/span> Monte Nebo<\/h2><p><\/p><\/div><div class='dt-sc-clear '> <\/div>[vc_custom_heading text=&#8221;El monte Nebo es m\u00e1s conocido por ser el sitio desde donde Mois\u00e9s mir\u00f3 hacia Tierra Santa pero no entr\u00f3 y donde se construyeron una iglesia y un monasterio en su honor. El libro de N\u00fameros (33:47) menciona que cuando los hijos de Israel partieron de Almon Diblathaim acamparon en las monta\u00f1as de Abarim, frente a Nebo, y que los hijos de Rub\u00e9n reconstruyeron la ciudad (N\u00fameros 32:38).<\/p>\n<p>La ciudad qued\u00f3 en manos de los moabitas, seg\u00fan Isa\u00edas: \u201cMoab se lamentar\u00e1 sobre Nebo y sobre Medeba; en todas sus cabezas habr\u00e1 calvicie, y toda barba cortada\u201d (Isa\u00edas 15:2-3). El profeta Jerem\u00edas (48:1) dijo de Nebo: \u201cAs\u00ed dice el Se\u00f1or de los ej\u00e9rcitos, el Dios de Israel: \u00a1Ay de Nebo! Porque es saqueado.<\/p>\n<p>El profeta Mois\u00e9s \u201csubi\u00f3 de los llanos de Moab a la cumbre del Pisg\u00e1, que est\u00e1 frente a Jeric\u00f3. Y el Se\u00f1or le mostr\u00f3 toda la tierra&#8230;\u201d pero le dijo: \u201cNo pasar\u00e1s por all\u00ed\u201d. (Deuteronomio 34:1-4). \u201cY muri\u00f3 Mois\u00e9s, siervo del SE\u00d1OR, all\u00ed en la tierra de Moab, conforme a la palabra del SE\u00d1OR, y lo sepult\u00f3 en el valle en la tierra de Moab frente a Bet-peor; pero nadie sabe el lugar de su sepultura hasta el d\u00eda de hoy. (Deuteronomio 34:5-6).<\/p>\n<p>En el siglo IV se erigieron tres edificios abovedados en el lugar del altar actual. El lugar sol\u00eda tener un pasaje oculto que conten\u00eda tumbas decoradas con mosaicos. A ambos lados del lugar hab\u00eda dos peque\u00f1as iglesias para realizar las oraciones f\u00fanebres. El baptisterio, que se encuentra en la secci\u00f3n norte del sitio, est\u00e1 decorado con mosaicos, mientras que el piso de la secci\u00f3n sur est\u00e1 decorado con una gran cruz.&#8221; font_container=&#8221;tag:p|text_align:left&#8221; use_theme_fonts=&#8221;yes&#8221;]<div class='dt-sc-hr-invisible-small '> <\/div>[\/vc_column][vc_column width=&#8221;1\/3&#8243; css=&#8221;.vc_custom_1668677080361{background-image: url(https:\/\/goldencrowntours.com\/wp-content\/uploads\/2022\/11\/89b814cc-e2fb-4e8f-bb65-16a66589e94d.jpg?id=11287) !important;background-position: center !important;background-repeat: no-repeat !important;background-size: cover !important;}&#8221; addstyles=&#8221;min-height: 400px;&#8221;][\/vc_column][\/vc_row][vc_row][vc_column][vc_empty_space][\/vc_column][\/vc_row]<\/p>\n","protected":false},"excerpt":{"rendered":"<p>[vc_row][vc_column][vc_single_image image=&#8221;11287&#8243; img_size=&#8221;full&#8221; alignment=&#8221;center&#8221;][\/vc_column][\/vc_row][vc_row][vc_column][vc_empty_space][\/vc_column][\/vc_row][vc_row equal_height=&#8221;yes&#8221;][vc_column width=&#8221;2\/3&#8243;][vc_custom_heading text=&#8221;El monte Nebo es m\u00e1s conocido por ser el sitio desde donde Mois\u00e9s mir\u00f3 hacia Tierra Santa pero no entr\u00f3 y donde se construyeron una iglesia y un monasterio en su honor. El libro de N\u00fameros (33:47) menciona que cuando los hijos de Israel partieron de Almon Diblathaim acamparon [&hellip;]<\/p>\n","protected":false},"author":1,"featured_media":0,"parent":0,"menu_order":0,"comment_status":"closed","ping_status":"closed","template":"","meta":{"_joinchat":[]},"_links":{"self":[{"href":"https:\/\/goldencrowntours.com\/sp\/wp-json\/wp\/v2\/pages\/11274"}],"collection":[{"href":"https:\/\/goldencrowntours.com\/sp\/wp-json\/wp\/v2\/pages"}],"about":[{"href":"https:\/\/goldencrowntours.com\/sp\/wp-json\/wp\/v2\/types\/page"}],"author":[{"embeddable":true,"href":"https:\/\/goldencrowntours.com\/sp\/wp-json\/wp\/v2\/users\/1"}],"replies":[{"embeddable":true,"href":"https:\/\/goldencrowntours.com\/sp\/wp-json\/wp\/v2\/comments?post=11274"}],"version-history":[{"count":5,"href":"https:\/\/goldencrowntours.com\/sp\/wp-json\/wp\/v2\/pages\/11274\/revisions"}],"predecessor-version":[{"id":11693,"href":"https:\/\/goldencrowntours.com\/sp\/wp-json\/wp\/v2\/pages\/11274\/revisions\/11693"}],"wp:attachment":[{"href":"https:\/\/goldencrowntours.com\/sp\/wp-json\/wp\/v2\/media?parent=11274"}],"curies":[{"name":"wp","href":"https:\/\/api.w.org\/{rel}","templated":true}]}}