{"id":11272,"date":"2022-11-17T08:12:49","date_gmt":"2022-11-17T08:12:49","guid":{"rendered":"https:\/\/goldencrowntours.com\/?page_id=11272"},"modified":"2023-01-23T11:48:34","modified_gmt":"2023-01-23T11:48:34","slug":"mukawir","status":"publish","type":"page","link":"https:\/\/goldencrowntours.com\/sp\/mukawir\/","title":{"rendered":"Mukawir"},"content":{"rendered":"<p>[vc_row][vc_column][vc_single_image image=&#8221;11293&#8243; img_size=&#8221;full&#8221; alignment=&#8221;center&#8221;][\/vc_column][\/vc_row][vc_row][vc_column][vc_empty_space][\/vc_column][\/vc_row][vc_row equal_height=&#8221;yes&#8221;][vc_column width=&#8221;2\/3&#8243;]<div class='dt-sc-section-title alignleft  vc_custom_1668677253962'><h2><span><\/span> Mukawir<\/h2><p><\/p><\/div><div class='dt-sc-clear '> <\/div>[vc_custom_heading text=&#8221;El historiador romano-jud\u00edo del siglo I d.C. Josefo identific\u00f3 el impresionante sitio de Machaerus (actual Mukawir) como el palacio-fortaleza de Herodes Antipas, el gobernante regional designado por los romanos durante la vida de Jesucristo. Fue aqu\u00ed, en este palacio fortificado en la cima de una colina que domina la regi\u00f3n del Mar Muerto y las lejanas colinas de Palestina e Israel donde Herodes encarcel\u00f3 y decapit\u00f3 a Juan el Bautista. Fue decapitado despu\u00e9s del fat\u00eddico baile de Salom\u00e9. (Mateo 14:3-11)<\/p>\n<p>En una noche despejada se pueden distinguir f\u00e1cilmente las luces de Al-Quds (Jerusal\u00e9n) y Ariha (Jeric\u00f3). Lejos del circuito tur\u00edstico, la tranquilidad de esta zona te transporta a tiempos b\u00edblicos. De hecho, los pastores y sus reba\u00f1os a\u00fan encuentran refugio en las innumerables cuevas y grutas que rodean a Machaerus. Camina hacia el Mar Muerto desde Machaerus y realmente sentir\u00e1s que est\u00e1s en la cima del mundo.&#8221; font_container=&#8221;tag:p|text_align:left&#8221; use_theme_fonts=&#8221;yes&#8221;]<div class='dt-sc-hr-invisible-small '> <\/div>[\/vc_column][vc_column width=&#8221;1\/3&#8243; css=&#8221;.vc_custom_1668677319364{background-image: url(https:\/\/goldencrowntours.com\/wp-content\/uploads\/2022\/11\/11871ff3-085e-49a1-bfed-6ba643f7c72b.jpg?id=11293) !important;background-position: center !important;background-repeat: no-repeat !important;background-size: cover !important;}&#8221; addstyles=&#8221;min-height: 400px;&#8221;][\/vc_column][\/vc_row][vc_row][vc_column][vc_empty_space][\/vc_column][\/vc_row]<\/p>\n","protected":false},"excerpt":{"rendered":"<p>[vc_row][vc_column][vc_single_image image=&#8221;11293&#8243; img_size=&#8221;full&#8221; alignment=&#8221;center&#8221;][\/vc_column][\/vc_row][vc_row][vc_column][vc_empty_space][\/vc_column][\/vc_row][vc_row equal_height=&#8221;yes&#8221;][vc_column width=&#8221;2\/3&#8243;][vc_custom_heading text=&#8221;El historiador romano-jud\u00edo del siglo I d.C. Josefo identific\u00f3 el impresionante sitio de Machaerus (actual Mukawir) como el palacio-fortaleza de Herodes Antipas, el gobernante regional designado por los romanos durante la vida de Jesucristo. Fue aqu\u00ed, en este palacio fortificado en la cima de una colina que domina la [&hellip;]<\/p>\n","protected":false},"author":1,"featured_media":0,"parent":0,"menu_order":0,"comment_status":"closed","ping_status":"closed","template":"","meta":{"_joinchat":[]},"_links":{"self":[{"href":"https:\/\/goldencrowntours.com\/sp\/wp-json\/wp\/v2\/pages\/11272"}],"collection":[{"href":"https:\/\/goldencrowntours.com\/sp\/wp-json\/wp\/v2\/pages"}],"about":[{"href":"https:\/\/goldencrowntours.com\/sp\/wp-json\/wp\/v2\/types\/page"}],"author":[{"embeddable":true,"href":"https:\/\/goldencrowntours.com\/sp\/wp-json\/wp\/v2\/users\/1"}],"replies":[{"embeddable":true,"href":"https:\/\/goldencrowntours.com\/sp\/wp-json\/wp\/v2\/comments?post=11272"}],"version-history":[{"count":5,"href":"https:\/\/goldencrowntours.com\/sp\/wp-json\/wp\/v2\/pages\/11272\/revisions"}],"predecessor-version":[{"id":11692,"href":"https:\/\/goldencrowntours.com\/sp\/wp-json\/wp\/v2\/pages\/11272\/revisions\/11692"}],"wp:attachment":[{"href":"https:\/\/goldencrowntours.com\/sp\/wp-json\/wp\/v2\/media?parent=11272"}],"curies":[{"name":"wp","href":"https:\/\/api.w.org\/{rel}","templated":true}]}}