{"id":11251,"date":"2022-11-17T08:00:03","date_gmt":"2022-11-17T08:00:03","guid":{"rendered":"https:\/\/goldencrowntours.com\/?page_id=11251"},"modified":"2023-01-23T11:28:39","modified_gmt":"2023-01-23T11:28:39","slug":"desert-castles","status":"publish","type":"page","link":"https:\/\/goldencrowntours.com\/sp\/desert-castles\/","title":{"rendered":"Desert Castles"},"content":{"rendered":"<p>[vc_row][vc_column][vc_single_image image=&#8221;11254&#8243; img_size=&#8221;full&#8221; alignment=&#8221;center&#8221;][\/vc_column][\/vc_row][vc_row][vc_column][vc_empty_space][\/vc_column][\/vc_row][vc_row equal_height=&#8221;yes&#8221;][vc_column width=&#8221;2\/3&#8243;]<div class='dt-sc-section-title alignleft  vc_custom_1674476741116'><h2><span><\/span> Castillos del desierto<\/h2><p><\/p><\/div><div class='dt-sc-clear '> <\/div>[vc_custom_heading text=&#8221;Los castillos del desierto de Jordania, hermosos ejemplos tanto del arte como de la arquitectura isl\u00e1mica temprana, son testimonio de una era fascinante en la rica historia del pa\u00eds. Sus finos mosaicos, frescos, tallados en piedra y estuco e ilustraciones, inspirados en las mejores tradiciones persas y grecorromanas, cuentan innumerables historias de la vida tal como era durante el siglo VIII. Llamados castillos debido a su imponente estatura, los complejos del desierto en realidad sirvieron para varios prop\u00f3sitos como estaciones de caravanas, centros de agricultura y comercio, pabellones tur\u00edsticos y puestos de avanzada que ayudaron a los gobernantes distantes a forjar lazos con los beduinos locales. Varios de estos compuestos preservados, todos los cuales est\u00e1n agrupados al este y al sur de Amman, se pueden visitar en circuitos de uno o dos d\u00edas desde la ciudad.&#8221; font_container=&#8221;tag:p|text_align:left&#8221; use_theme_fonts=&#8221;yes&#8221;]<div class='dt-sc-hr-invisible-small '> <\/div>[\/vc_column][vc_column width=&#8221;1\/3&#8243; css=&#8221;.vc_custom_1668675753229{background-image: url(https:\/\/goldencrowntours.com\/wp-content\/uploads\/2022\/11\/6c05f57c-48b0-4735-8c31-8604a652243b.png?id=11254) !important;background-position: center !important;background-repeat: no-repeat !important;background-size: cover !important;}&#8221; addstyles=&#8221;min-height: 400px;&#8221;][\/vc_column][\/vc_row][vc_row][vc_column][vc_empty_space][\/vc_column][\/vc_row][vc_row equal_height=&#8221;yes&#8221;][vc_column width=&#8221;2\/3&#8243;][vc_column_text]<\/p>\n<h2>palacio al-mshatta &#8220;palacio de invierno&#8221;<\/h2>\n<p>El Palacio Al-Mshatta es uno de los castillos del desierto construidos por los omeyas. Situado a casi 32 km al sureste de Am\u00e1n, este palacio fue construido por el califa omeya al-Walid bin Yazid en el a\u00f1o 744 d.C. y est\u00e1 rodeado por un muro cuadrado de 144 metros de largo que consta de 25 torres circulares.[\/vc_column_text][\/vc_column][vc_column width=&#8221;1\/3&#8243; css=&#8221;.vc_custom_1668590116108{background-position: center !important;background-repeat: no-repeat !important;background-size: cover !important;}&#8221; addstyles=&#8221;min-height: 400px;&#8221;][vc_single_image image=&#8221;11256&#8243; img_size=&#8221;full&#8221;][\/vc_column][\/vc_row][vc_row][vc_column][vc_empty_space][\/vc_column][\/vc_row][vc_row equal_height=&#8221;yes&#8221;][vc_column width=&#8221;1\/3&#8243; css=&#8221;.vc_custom_1668590116108{background-position: center !important;background-repeat: no-repeat !important;background-size: cover !important;}&#8221; addstyles=&#8221;min-height: 400px;&#8221;][vc_single_image image=&#8221;11257&#8243; img_size=&#8221;full&#8221;][\/vc_column][vc_column width=&#8221;2\/3&#8243;][vc_column_text]<\/p>\n<h2>qasr al-harrana\/al-kharanah<\/h2>\n<p>Nombrado Castillo de Al-Harrana ya que est\u00e1 ubicado en el Valle de Al-Harrana; la fortaleza cuadrada resucit\u00f3 durante el reinado de Al-Walid ibn Abd al-Malik. El castillo ha sido restaurado varias veces como resultado de los constantes imperios invasores. Ubicado en la carretera internacional camino a Azraq, se anima a los visitantes a volverse medievales y explorar dentro de las murallas de la fortaleza.[\/vc_column_text][\/vc_column][\/vc_row][vc_row][vc_column][vc_empty_space][\/vc_column][\/vc_row][vc_row equal_height=&#8221;yes&#8221;][vc_column width=&#8221;2\/3&#8243;][vc_column_text]<\/p>\n<h2>quseir amra<\/h2>\n<p>Construido durante el reinado del califa omeya Yazid bin Abd al-Malik, considerado el sexto califa de los sucesores omeyas, se cree que Quseir Amra fue un lugar para ayudar en la caza. Con la preservaci\u00f3n de las tallas del castillo y las pinturas al fresco, Quseir Amra seguramente ser\u00e1 una experiencia de castillo diferente a las dem\u00e1s.<\/p>\n<p>Este sitio es uno de los sitios del patrimonio mundial de la UNESCO de Jordania.[\/vc_column_text][\/vc_column][vc_column width=&#8221;1\/3&#8243; css=&#8221;.vc_custom_1668590116108{background-position: center !important;background-repeat: no-repeat !important;background-size: cover !important;}&#8221; addstyles=&#8221;min-height: 400px;&#8221;][vc_single_image image=&#8221;11258&#8243; img_size=&#8221;full&#8221;][\/vc_column][\/vc_row][vc_row][vc_column][vc_empty_space][\/vc_column][\/vc_row][vc_row equal_height=&#8221;yes&#8221;][vc_column width=&#8221;1\/3&#8243; css=&#8221;.vc_custom_1668590116108{background-position: center !important;background-repeat: no-repeat !important;background-size: cover !important;}&#8221; addstyles=&#8221;min-height: 400px;&#8221;][vc_single_image image=&#8221;11259&#8243; img_size=&#8221;full&#8221;][\/vc_column][vc_column width=&#8221;2\/3&#8243;][vc_column_text]<\/p>\n<h2>qasr burqu&#8217;<\/h2>\n<p>Construido por los romanos para mantener el control de una fuente de agua dulce, el palacio fue construido con canales de riego de vapor que llegan a todas las habitaciones e instalaciones. Qasr Burqu&#8217; es un castillo del desierto ubicado en la gobernaci\u00f3n de Mafraq y est\u00e1 esperando a ser descubierto.[\/vc_column_text][\/vc_column][\/vc_row][vc_row][vc_column][vc_empty_space][\/vc_column][\/vc_row][vc_row equal_height=&#8221;yes&#8221;][vc_column width=&#8221;2\/3&#8243;][vc_column_text]<\/p>\n<h2>qasr al hallabat<\/h2>\n<p>Uno de los yacimientos arqueol\u00f3gicos m\u00e1s importantes y distinguidos de Oriente Medio, y originalmente\u00a0una peque\u00f1a fortaleza romana\u00a0construida para proteger la ruta de la Nova Trajana. Fue ocupada en el a\u00f1o 106 d.C. y formaba parte de Limas Arabicus, la entonces Pen\u00ednsula Ar\u00e1biga. En el siglo IV, el castillo fue ampliado y protegido por cuatro torres, posiblemente durante el reinado de Diocleciano.[\/vc_column_text][\/vc_column][vc_column width=&#8221;1\/3&#8243; css=&#8221;.vc_custom_1668590116108{background-position: center !important;background-repeat: no-repeat !important;background-size: cover !important;}&#8221; addstyles=&#8221;min-height: 400px;&#8221;][vc_single_image image=&#8221;11260&#8243; img_size=&#8221;full&#8221;][\/vc_column][\/vc_row][vc_row][vc_column][vc_empty_space][\/vc_column][\/vc_row][vc_row equal_height=&#8221;yes&#8221;][vc_column width=&#8221;1\/3&#8243; css=&#8221;.vc_custom_1668590116108{background-position: center !important;background-repeat: no-repeat !important;background-size: cover !important;}&#8221; addstyles=&#8221;min-height: 400px;&#8221;][vc_single_image image=&#8221;11261&#8243; img_size=&#8221;full&#8221;][\/vc_column][vc_column width=&#8221;2\/3&#8243;][vc_column_text]<\/p>\n<h2>qasr hammam al-sar&#8217;h<\/h2>\n<p>Qasr Hammam al-Sarah, tambi\u00e9n conocido como el Palacio Oriental de Hallabat, est\u00e1 ubicado en la ciudad de Zarqa, al norte de la capital jordana, Amman. Una casa de ba\u00f1os omeya, el castillo fue construido por el califa Hisham ibn Abd al-Malik a principios del siglo VIII d.C.[\/vc_column_text][\/vc_column][\/vc_row][vc_row][vc_column][vc_empty_space][\/vc_column][\/vc_row][vc_row equal_height=&#8221;yes&#8221;][vc_column width=&#8221;2\/3&#8243;][vc_column_text]<\/p>\n<h2>qasr tuba<\/h2>\n<p>Qasr Tuba es un palacio omeya que ha mantenido gran parte de su estructura a pesar de su exposici\u00f3n a la erosi\u00f3n y la destrucci\u00f3n, ya que se encuentra en una ruta comercial que une Balqa con la Pen\u00ednsula Ar\u00e1biga. Los historiadores han fechado el castillo en el reinado de Walid ibn Yazid.[\/vc_column_text][\/vc_column][vc_column width=&#8221;1\/3&#8243; css=&#8221;.vc_custom_1668590116108{background-position: center !important;background-repeat: no-repeat !important;background-size: cover !important;}&#8221; addstyles=&#8221;min-height: 400px;&#8221;][vc_single_image image=&#8221;11262&#8243; img_size=&#8221;full&#8221;][\/vc_column][\/vc_row][vc_row][vc_column][vc_empty_space][\/vc_column][\/vc_row]<\/p>\n","protected":false},"excerpt":{"rendered":"<p>[vc_row][vc_column][vc_single_image image=&#8221;11254&#8243; img_size=&#8221;full&#8221; alignment=&#8221;center&#8221;][\/vc_column][\/vc_row][vc_row][vc_column][vc_empty_space][\/vc_column][\/vc_row][vc_row equal_height=&#8221;yes&#8221;][vc_column width=&#8221;2\/3&#8243;][vc_custom_heading text=&#8221;Los castillos del desierto de Jordania, hermosos ejemplos tanto del arte como de la arquitectura isl\u00e1mica temprana, son testimonio de una era fascinante en la rica historia del pa\u00eds. Sus finos mosaicos, frescos, tallados en piedra y estuco e ilustraciones, inspirados en las mejores tradiciones persas y grecorromanas, cuentan [&hellip;]<\/p>\n","protected":false},"author":1,"featured_media":0,"parent":0,"menu_order":0,"comment_status":"closed","ping_status":"closed","template":"","meta":{"_joinchat":[]},"_links":{"self":[{"href":"https:\/\/goldencrowntours.com\/sp\/wp-json\/wp\/v2\/pages\/11251"}],"collection":[{"href":"https:\/\/goldencrowntours.com\/sp\/wp-json\/wp\/v2\/pages"}],"about":[{"href":"https:\/\/goldencrowntours.com\/sp\/wp-json\/wp\/v2\/types\/page"}],"author":[{"embeddable":true,"href":"https:\/\/goldencrowntours.com\/sp\/wp-json\/wp\/v2\/users\/1"}],"replies":[{"embeddable":true,"href":"https:\/\/goldencrowntours.com\/sp\/wp-json\/wp\/v2\/comments?post=11251"}],"version-history":[{"count":5,"href":"https:\/\/goldencrowntours.com\/sp\/wp-json\/wp\/v2\/pages\/11251\/revisions"}],"predecessor-version":[{"id":11687,"href":"https:\/\/goldencrowntours.com\/sp\/wp-json\/wp\/v2\/pages\/11251\/revisions\/11687"}],"wp:attachment":[{"href":"https:\/\/goldencrowntours.com\/sp\/wp-json\/wp\/v2\/media?parent=11251"}],"curies":[{"name":"wp","href":"https:\/\/api.w.org\/{rel}","templated":true}]}}