{"id":11245,"date":"2022-11-17T07:56:14","date_gmt":"2022-11-17T07:56:14","guid":{"rendered":"https:\/\/goldencrowntours.com\/?page_id=11245"},"modified":"2023-01-23T11:24:44","modified_gmt":"2023-01-23T11:24:44","slug":"baptism","status":"publish","type":"page","link":"https:\/\/goldencrowntours.com\/sp\/baptism\/","title":{"rendered":"Baptism"},"content":{"rendered":"<p>[vc_row][vc_column][vc_single_image image=&#8221;11248&#8243; img_size=&#8221;full&#8221; alignment=&#8221;center&#8221;][\/vc_column][\/vc_row][vc_row][vc_column][vc_empty_space][\/vc_column][\/vc_row][vc_row equal_height=&#8221;yes&#8221;][vc_column width=&#8221;2\/3&#8243;]<div class='dt-sc-section-title alignleft  vc_custom_1674475729128'><h2><span><\/span> El lugar del bautismo\/ Betania m\u00e1s all\u00e1 del Jord\u00e1n\/ Al-Maghtas<\/h2><p><\/p><\/div><div class='dt-sc-clear '> <\/div>[vc_custom_heading text=&#8221;Hogar de varias ciudades b\u00edblicas, incluidas Sodoma, Gomorra y Zoar, los descubrimientos arqueol\u00f3gicos entre el r\u00edo Jord\u00e1n y Tal al-Kharrar han identificado esta \u00e1rea como la b\u00edblica &#8220;Betania m\u00e1s all\u00e1 del Jord\u00e1n&#8220;. El \u00e1rea es donde Juan viv\u00eda cuando bautiz\u00f3 a Jes\u00fas. Designada como sitio del Patrimonio Mundial de la UNESCO, la comisi\u00f3n del Sitio del Bautismo da la bienvenida a peregrinos de todo el mundo que buscan una conexi\u00f3n espiritual con los tiempos b\u00edblicos, un vistazo a la historia o la oportunidad de ser bautizado donde estuvo Jes\u00fas hace tantos a\u00f1os.<\/p>\n<p>Si eso no es suficiente historia b\u00edblica para un \u00e1rea, la cueva donde Lot y sus hijas se refugiaron despu\u00e9s de la destrucci\u00f3n de Sodoma y Gomorra se encuentra en las afueras de un \u00e1rea llamada Safi (Zoar b\u00edblico).<\/p>\n<p>Este sitio es uno de los sitios del patrimonio mundial de la UNESCO de Jordania.&#8221; font_container=&#8221;tag:p|text_align:left&#8221; use_theme_fonts=&#8221;yes&#8221;]<div class='dt-sc-hr-invisible-small '> <\/div>[\/vc_column][vc_column width=&#8221;1\/3&#8243; css=&#8221;.vc_custom_1668675540810{background-image: url(https:\/\/goldencrowntours.com\/wp-content\/uploads\/2022\/11\/b50d8542-7a0b-46ac-b6fa-91471b2aae1f.jpg?id=11248) !important;background-position: center !important;background-repeat: no-repeat !important;background-size: cover !important;}&#8221; addstyles=&#8221;min-height: 400px;&#8221;][\/vc_column][\/vc_row][vc_row][vc_column][vc_empty_space][\/vc_column][\/vc_row][vc_row][vc_column][vc_gallery type=&#8221;image_grid&#8221; images=&#8221;11539,11540,11541,11542,11543,11544,11545,11546,11547,11548,11549,11550,11551&#8243; img_size=&#8221;280&#215;200&#8243; onclick=&#8221;&#8221;][\/vc_column][\/vc_row][vc_row][vc_column][vc_empty_space][\/vc_column][\/vc_row]<\/p>\n","protected":false},"excerpt":{"rendered":"<p>[vc_row][vc_column][vc_single_image image=&#8221;11248&#8243; img_size=&#8221;full&#8221; alignment=&#8221;center&#8221;][\/vc_column][\/vc_row][vc_row][vc_column][vc_empty_space][\/vc_column][\/vc_row][vc_row equal_height=&#8221;yes&#8221;][vc_column width=&#8221;2\/3&#8243;][vc_custom_heading text=&#8221;Hogar de varias ciudades b\u00edblicas, incluidas Sodoma, Gomorra y Zoar, los descubrimientos arqueol\u00f3gicos entre el r\u00edo Jord\u00e1n y Tal al-Kharrar han identificado esta \u00e1rea como la b\u00edblica &#8220;Betania m\u00e1s all\u00e1 del Jord\u00e1n&#8220;. El \u00e1rea es donde Juan viv\u00eda cuando bautiz\u00f3 a Jes\u00fas. Designada como sitio del Patrimonio Mundial de [&hellip;]<\/p>\n","protected":false},"author":1,"featured_media":0,"parent":0,"menu_order":0,"comment_status":"closed","ping_status":"closed","template":"","meta":{"_joinchat":[]},"_links":{"self":[{"href":"https:\/\/goldencrowntours.com\/sp\/wp-json\/wp\/v2\/pages\/11245"}],"collection":[{"href":"https:\/\/goldencrowntours.com\/sp\/wp-json\/wp\/v2\/pages"}],"about":[{"href":"https:\/\/goldencrowntours.com\/sp\/wp-json\/wp\/v2\/types\/page"}],"author":[{"embeddable":true,"href":"https:\/\/goldencrowntours.com\/sp\/wp-json\/wp\/v2\/users\/1"}],"replies":[{"embeddable":true,"href":"https:\/\/goldencrowntours.com\/sp\/wp-json\/wp\/v2\/comments?post=11245"}],"version-history":[{"count":12,"href":"https:\/\/goldencrowntours.com\/sp\/wp-json\/wp\/v2\/pages\/11245\/revisions"}],"predecessor-version":[{"id":11686,"href":"https:\/\/goldencrowntours.com\/sp\/wp-json\/wp\/v2\/pages\/11245\/revisions\/11686"}],"wp:attachment":[{"href":"https:\/\/goldencrowntours.com\/sp\/wp-json\/wp\/v2\/media?parent=11245"}],"curies":[{"name":"wp","href":"https:\/\/api.w.org\/{rel}","templated":true}]}}