{"id":11238,"date":"2022-11-17T07:51:58","date_gmt":"2022-11-17T07:51:58","guid":{"rendered":"https:\/\/goldencrowntours.com\/?page_id=11238"},"modified":"2023-01-23T11:07:13","modified_gmt":"2023-01-23T11:07:13","slug":"irbid","status":"publish","type":"page","link":"https:\/\/goldencrowntours.com\/sp\/irbid\/","title":{"rendered":"Irbid"},"content":{"rendered":"<p>[vc_row][vc_column][vc_single_image image=&#8221;11241&#8243; img_size=&#8221;full&#8221; alignment=&#8221;center&#8221;][\/vc_column][\/vc_row][vc_row][vc_column][vc_empty_space][\/vc_column][\/vc_row][vc_row equal_height=&#8221;yes&#8221;][vc_column width=&#8221;2\/3&#8243;]<div class='dt-sc-section-title alignleft  vc_custom_1668675287013'><h2><span><\/span> Irbid<\/h2><p><\/p><\/div><div class='dt-sc-clear '> <\/div>[vc_custom_heading text=&#8221;Ubicada en el norte de Jordania con la segunda poblaci\u00f3n m\u00e1s grande del reino, Irbid es una mezcla de la aut\u00e9ntica sociedad \u00e1rabe con destellos de influencia occidental. Con vistas panor\u00e1micas de Cisjordania y arquitecturas antiguas de la \u00e9poca romana, Irbid cuenta una historia propia.&#8221; font_container=&#8221;tag:p|text_align:left&#8221; use_theme_fonts=&#8221;yes&#8221;]<div class='dt-sc-hr-invisible-small '> <\/div>[\/vc_column][vc_column width=&#8221;1\/3&#8243; css=&#8221;.vc_custom_1668675355003{background-image: url(https:\/\/goldencrowntours.com\/wp-content\/uploads\/2022\/11\/401c924a-b3b8-4df7-bb83-79741eec3b62.png?id=11241) !important;background-position: center !important;background-repeat: no-repeat !important;background-size: cover !important;}&#8221; addstyles=&#8221;min-height: 400px;&#8221;][\/vc_column][\/vc_row][vc_row][vc_column][vc_empty_space][\/vc_column][\/vc_row]<\/p>\n","protected":false},"excerpt":{"rendered":"<p>[vc_row][vc_column][vc_single_image image=&#8221;11241&#8243; img_size=&#8221;full&#8221; alignment=&#8221;center&#8221;][\/vc_column][\/vc_row][vc_row][vc_column][vc_empty_space][\/vc_column][\/vc_row][vc_row equal_height=&#8221;yes&#8221;][vc_column width=&#8221;2\/3&#8243;][vc_custom_heading text=&#8221;Ubicada en el norte de Jordania con la segunda poblaci\u00f3n m\u00e1s grande del reino, Irbid es una mezcla de la aut\u00e9ntica sociedad \u00e1rabe con destellos de influencia occidental. Con vistas panor\u00e1micas de Cisjordania y arquitecturas antiguas de la \u00e9poca romana, Irbid cuenta una historia propia.&#8221; font_container=&#8221;tag:p|text_align:left&#8221; use_theme_fonts=&#8221;yes&#8221;][\/vc_column][vc_column width=&#8221;1\/3&#8243; css=&#8221;.vc_custom_1668675355003{background-image: [&hellip;]<\/p>\n","protected":false},"author":1,"featured_media":0,"parent":0,"menu_order":0,"comment_status":"closed","ping_status":"closed","template":"","meta":{"_joinchat":[]},"_links":{"self":[{"href":"https:\/\/goldencrowntours.com\/sp\/wp-json\/wp\/v2\/pages\/11238"}],"collection":[{"href":"https:\/\/goldencrowntours.com\/sp\/wp-json\/wp\/v2\/pages"}],"about":[{"href":"https:\/\/goldencrowntours.com\/sp\/wp-json\/wp\/v2\/types\/page"}],"author":[{"embeddable":true,"href":"https:\/\/goldencrowntours.com\/sp\/wp-json\/wp\/v2\/users\/1"}],"replies":[{"embeddable":true,"href":"https:\/\/goldencrowntours.com\/sp\/wp-json\/wp\/v2\/comments?post=11238"}],"version-history":[{"count":5,"href":"https:\/\/goldencrowntours.com\/sp\/wp-json\/wp\/v2\/pages\/11238\/revisions"}],"predecessor-version":[{"id":11684,"href":"https:\/\/goldencrowntours.com\/sp\/wp-json\/wp\/v2\/pages\/11238\/revisions\/11684"}],"wp:attachment":[{"href":"https:\/\/goldencrowntours.com\/sp\/wp-json\/wp\/v2\/media?parent=11238"}],"curies":[{"name":"wp","href":"https:\/\/api.w.org\/{rel}","templated":true}]}}