{"id":11054,"date":"2022-11-16T13:26:34","date_gmt":"2022-11-16T13:26:34","guid":{"rendered":"https:\/\/goldencrowntours.com\/?page_id=11054"},"modified":"2023-01-23T10:29:38","modified_gmt":"2023-01-23T10:29:38","slug":"umm-el-jimal","status":"publish","type":"page","link":"https:\/\/goldencrowntours.com\/sp\/umm-el-jimal\/","title":{"rendered":"Umm El Jimal"},"content":{"rendered":"<p>[vc_row][vc_column][vc_single_image image=&#8221;11057&#8243; img_size=&#8221;full&#8221; alignment=&#8221;center&#8221;][\/vc_column][\/vc_row][vc_row][vc_column][vc_empty_space][\/vc_column][\/vc_row][vc_row equal_height=&#8221;yes&#8221;][vc_column width=&#8221;2\/3&#8243;]<div class='dt-sc-section-title alignleft  vc_custom_1668608910391'><h2><span><\/span> Umm El Jimal<\/h2><p><\/p><\/div><div class='dt-sc-clear '> <\/div>[vc_custom_heading text=&#8221;Umm al-Jimal, que emerge de la llanura bas\u00e1ltica del norte de Jordania, es a la vez una ciudad moderna y un sitio arqueol\u00f3gico antiguo, hogar de casi 2000 a\u00f1os de fascinante historia y cultura: nabateo, romano, bizantino, omeya, mameluco, otomano y moderno. Era un pr\u00f3spero centro agr\u00edcola y una parada en la ruta de caravanas de Hijaz a Damasco. Uno puede explorar m\u00e1s de 150 estructuras antiguas bien conservadas, construidas en vecindarios a lo largo de callejones serpenteantes y alrededor de plazas tipo hosh.<\/p>\n<p>Umm al-Jimal es tambi\u00e9n una comunidad moderna con mucho que ofrecer a sus visitantes. Su visita a este pueblo enriquecer\u00e1 su experiencia arqueol\u00f3gica con un patrimonio cultural beduino a\u00fan vivo, en las tiendas del centro y en las casas de los residentes. A solo 90 minutos en autom\u00f3vil de Amman, una visita a Umm al-Jimal es un viaje de un d\u00eda f\u00e1cil que puede incluir otros sitios similares en el noreste de Jordania, o incluso los castillos del desierto.<\/p>\n<p>Este sitio es uno de los sitios del patrimonio mundial de la UNESCO de Jordania.&#8221; font_container=&#8221;tag:p|text_align:left&#8221; use_theme_fonts=&#8221;yes&#8221;]<div class='dt-sc-hr-invisible-small '> <\/div>[\/vc_column][vc_column width=&#8221;1\/3&#8243; css=&#8221;.vc_custom_1668608933152{background-image: url(https:\/\/goldencrowntours.com\/wp-content\/uploads\/2022\/11\/77ed319f-591f-41e6-802e-1fc6172d26eb.png?id=11057) !important;background-position: center !important;background-repeat: no-repeat !important;background-size: cover !important;}&#8221; addstyles=&#8221;min-height: 400px;&#8221;][\/vc_column][\/vc_row][vc_row][vc_column][vc_empty_space][\/vc_column][\/vc_row][vc_row equal_height=&#8221;yes&#8221;][vc_column width=&#8221;2\/3&#8243;][vc_column_text]<\/p>\n<div class=\"ctitle\">\n<div class=\"ctitle\">\n<div class=\"ctitle\">\n<div class=\"ctitle\">\n<div class=\"ctitle\">\n<div class=\"ctitle\">\n<h2>umm el jimal<\/h2>\n<\/div>\n<p>&nbsp;<\/p>\n<p>Umm El Jimal se construy\u00f3 en un antiguo asentamiento nabateo utilizando bloques de basalto negro sostenidos por bloques rectangulares similares.<\/p>\n<p>Esta asombrosa ciudad contiene muchas cuencas para uso p\u00fablico o privado. Hist\u00f3ricamente, Umm El Jimal fue famosa por ser el enlace de las carreteras de Palestina y Jordania con las de Siria e Irak.<\/p>\n<\/div>\n<\/div>\n<\/div>\n<\/div>\n<\/div>\n<p>[\/vc_column_text][\/vc_column][vc_column width=&#8221;1\/3&#8243; css=&#8221;.vc_custom_1668590116108{background-position: center !important;background-repeat: no-repeat !important;background-size: cover !important;}&#8221; addstyles=&#8221;min-height: 400px;&#8221;][vc_single_image image=&#8221;11059&#8243; img_size=&#8221;full&#8221;][\/vc_column][\/vc_row][vc_row][vc_column][vc_empty_space][\/vc_column][\/vc_row][vc_row equal_height=&#8221;yes&#8221;][vc_column width=&#8221;1\/3&#8243; css=&#8221;.vc_custom_1668590116108{background-position: center !important;background-repeat: no-repeat !important;background-size: cover !important;}&#8221; addstyles=&#8221;min-height: 400px;&#8221;][vc_single_image image=&#8221;11061&#8243; img_size=&#8221;full&#8221;][\/vc_column][vc_column width=&#8221;2\/3&#8243;][vc_column_text]<\/p>\n<div class=\"ctitle\">\n<div class=\"ctitle\">\n<div class=\"ctitle\">\n<div class=\"ctitle\">\n<div class=\"ctitle\">\n<div class=\"ctitle\">\n<div class=\"ctitle\">\n<h2>experimente la talla de piedra de basalto<\/h2>\n<\/div>\n<p>&nbsp;<\/p>\n<p>Transforme la piedra de basalto en una obra de arte con las herramientas adecuadas y la ayuda de un entrenador local. Ll\u00e9vate las obras de arte a casa para compartirlas con tu familia y amigos.<\/p>\n<p>&nbsp;<\/p>\n<\/div>\n<\/div>\n<\/div>\n<\/div>\n<\/div>\n<\/div>\n<p>[\/vc_column_text][\/vc_column][\/vc_row][vc_row][vc_column][vc_empty_space][\/vc_column][\/vc_row]<\/p>\n","protected":false},"excerpt":{"rendered":"<p>[vc_row][vc_column][vc_single_image image=&#8221;11057&#8243; img_size=&#8221;full&#8221; alignment=&#8221;center&#8221;][\/vc_column][\/vc_row][vc_row][vc_column][vc_empty_space][\/vc_column][\/vc_row][vc_row equal_height=&#8221;yes&#8221;][vc_column width=&#8221;2\/3&#8243;][vc_custom_heading text=&#8221;Umm al-Jimal, que emerge de la llanura bas\u00e1ltica del norte de Jordania, es a la vez una ciudad moderna y un sitio arqueol\u00f3gico antiguo, hogar de casi 2000 a\u00f1os de fascinante historia y cultura: nabateo, romano, bizantino, omeya, mameluco, otomano y moderno. Era un pr\u00f3spero centro agr\u00edcola y una [&hellip;]<\/p>\n","protected":false},"author":1,"featured_media":0,"parent":0,"menu_order":0,"comment_status":"closed","ping_status":"closed","template":"","meta":{"_joinchat":[]},"_links":{"self":[{"href":"https:\/\/goldencrowntours.com\/sp\/wp-json\/wp\/v2\/pages\/11054"}],"collection":[{"href":"https:\/\/goldencrowntours.com\/sp\/wp-json\/wp\/v2\/pages"}],"about":[{"href":"https:\/\/goldencrowntours.com\/sp\/wp-json\/wp\/v2\/types\/page"}],"author":[{"embeddable":true,"href":"https:\/\/goldencrowntours.com\/sp\/wp-json\/wp\/v2\/users\/1"}],"replies":[{"embeddable":true,"href":"https:\/\/goldencrowntours.com\/sp\/wp-json\/wp\/v2\/comments?post=11054"}],"version-history":[{"count":7,"href":"https:\/\/goldencrowntours.com\/sp\/wp-json\/wp\/v2\/pages\/11054\/revisions"}],"predecessor-version":[{"id":11675,"href":"https:\/\/goldencrowntours.com\/sp\/wp-json\/wp\/v2\/pages\/11054\/revisions\/11675"}],"wp:attachment":[{"href":"https:\/\/goldencrowntours.com\/sp\/wp-json\/wp\/v2\/media?parent=11054"}],"curies":[{"name":"wp","href":"https:\/\/api.w.org\/{rel}","templated":true}]}}