{"id":10780,"date":"2022-11-15T11:19:41","date_gmt":"2022-11-15T11:19:41","guid":{"rendered":"https:\/\/goldencrowntours.com\/?page_id=10780"},"modified":"2023-01-23T07:13:52","modified_gmt":"2023-01-23T07:13:52","slug":"the-jordan-trail","status":"publish","type":"page","link":"https:\/\/goldencrowntours.com\/sp\/the-jordan-trail\/","title":{"rendered":"The Jordan Trail"},"content":{"rendered":"<p>[vc_row equal_height=&#8221;yes&#8221;][vc_column width=&#8221;2\/3&#8243;]<div class='dt-sc-section-title alignleft  vc_custom_1674461434938'><h2><span><\/span> El sendero del Jord\u00e1n<\/h2><p><\/p><\/div><div class='dt-sc-clear '> <\/div>[vc_custom_heading text=&#8221;Jordan Trail es una ruta de senderismo de larga distancia en Jordania; conectando todo el Jord\u00e1n desde Umm Qais en el norte hasta Aqaba en el sur. Ofreciendo 40 d\u00edas de caminata con m\u00e1s de 650 kil\u00f3metros de senderos, viajando a trav\u00e9s de 52 pueblos y ciudades en el maravilloso viaje, el sendero atraviesa los diversos paisajes y vistas del campo de Jordania; desde las ondulantes colinas boscosas del norte hasta los escarpados wadis y acantilados que dominan el valle del Jord\u00e1n, la ciudad de roca rosa de Petra y las aguas cristalinas del mar Rojo.<\/p>\n<p>A medida que recorres Jordan Trail, se convierte en un viaje a trav\u00e9s de la historia de Jordan y en un encuentro con su diversa cultura. Viajar a lo largo del pa\u00eds permite a los visitantes la oportunidad de pelar a trav\u00e9s de las diferentes capas de la cultura; degustando las variadas cocinas de Jordania y encontr\u00e1ndose con los lugare\u00f1os mientras pasa noches gloriosas en casas de familia locales. El sendero se mueve a trav\u00e9s de los principales sitios hist\u00f3ricos de la regi\u00f3n, como Umm Qais, Jerash y Petra, al tiempo que alberga ruinas ocultas que descansan entre la tierra.<\/p>\n<p>Para obtener m\u00e1s informaci\u00f3n sobre Jordan Trail y acceder a las herramientas que lo ayudar\u00e1n a comenzar a planificar su visita de caminata&#8221; font_container=&#8221;tag:p|text_align:left&#8221; use_theme_fonts=&#8221;yes&#8221;]<div class='dt-sc-hr-invisible-small '> <\/div>[\/vc_column][vc_column width=&#8221;1\/3&#8243; css=&#8221;.vc_custom_1668588950575{background-position: center !important;background-repeat: no-repeat !important;background-size: cover !important;}&#8221; addstyles=&#8221;min-height: 400px;&#8221;][vc_single_image image=&#8221;10936&#8243; img_size=&#8221;full&#8221; alignment=&#8221;center&#8221;][\/vc_column][\/vc_row][vc_row][vc_column][vc_empty_space][\/vc_column][\/vc_row][vc_row][vc_column width=&#8221;1\/4&#8243;][vc_hoverbox image=&#8221;10945&#8243; primary_title=&#8221;&#8221; hover_title=&#8221;Petra&#8221;][\/vc_hoverbox][\/vc_column][vc_column width=&#8221;1\/4&#8243;][vc_hoverbox image=&#8221;10944&#8243; primary_title=&#8221;&#8221; hover_title=&#8221;ron de wadi&#8221;][\/vc_hoverbox][\/vc_column][vc_column width=&#8221;1\/4&#8243;][vc_hoverbox image=&#8221;10943&#8243; primary_title=&#8221;&#8221; hover_title=&#8221;Am\u00e1n&#8221;][\/vc_hoverbox][\/vc_column][vc_column width=&#8221;1\/4&#8243;][vc_hoverbox image=&#8221;10942&#8243; primary_title=&#8221;&#8221; hover_title=&#8221;El mar Muerto&#8221;][\/vc_hoverbox][\/vc_column][\/vc_row][vc_row][vc_column][vc_empty_space][\/vc_column][\/vc_row][vc_row][vc_column width=&#8221;1\/4&#8243;][vc_hoverbox image=&#8221;10941&#8243; primary_title=&#8221;&#8221; hover_title=&#8221;M\u00e1daba&#8221;][\/vc_hoverbox][\/vc_column][vc_column width=&#8221;1\/4&#8243;][vc_hoverbox image=&#8221;10940&#8243; primary_title=&#8221;&#8221; hover_title=&#8221;\u00c1qaba&#8221;][\/vc_hoverbox][\/vc_column][vc_column width=&#8221;1\/4&#8243;][vc_hoverbox image=&#8221;10939&#8243; primary_title=&#8221;&#8221; hover_title=&#8221;Ajlun&#8221;][\/vc_hoverbox][\/vc_column][vc_column width=&#8221;1\/4&#8243;][vc_hoverbox image=&#8221;10938&#8243; primary_title=&#8221;&#8221; hover_title=&#8221;Dana a Feynan&#8221;][\/vc_hoverbox][\/vc_column][\/vc_row][vc_row][vc_column][vc_empty_space][\/vc_column][\/vc_row][vc_row][vc_column width=&#8221;1\/4&#8243;][vc_hoverbox image=&#8221;10937&#8243; primary_title=&#8221;&#8221; hover_title=&#8221;Umm Qais&#8221;][\/vc_hoverbox][\/vc_column][vc_column width=&#8221;1\/4&#8243;][\/vc_column][vc_column width=&#8221;1\/4&#8243;][\/vc_column][vc_column width=&#8221;1\/4&#8243;][\/vc_column][\/vc_row][vc_row][vc_column][vc_empty_space][\/vc_column][\/vc_row]<\/p>\n","protected":false},"excerpt":{"rendered":"<p>[vc_row equal_height=&#8221;yes&#8221;][vc_column width=&#8221;2\/3&#8243;][vc_custom_heading text=&#8221;Jordan Trail es una ruta de senderismo de larga distancia en Jordania; conectando todo el Jord\u00e1n desde Umm Qais en el norte hasta Aqaba en el sur. Ofreciendo 40 d\u00edas de caminata con m\u00e1s de 650 kil\u00f3metros de senderos, viajando a trav\u00e9s de 52 pueblos y ciudades en el maravilloso viaje, el [&hellip;]<\/p>\n","protected":false},"author":1,"featured_media":0,"parent":0,"menu_order":0,"comment_status":"closed","ping_status":"closed","template":"","meta":{"_joinchat":[]},"_links":{"self":[{"href":"https:\/\/goldencrowntours.com\/sp\/wp-json\/wp\/v2\/pages\/10780"}],"collection":[{"href":"https:\/\/goldencrowntours.com\/sp\/wp-json\/wp\/v2\/pages"}],"about":[{"href":"https:\/\/goldencrowntours.com\/sp\/wp-json\/wp\/v2\/types\/page"}],"author":[{"embeddable":true,"href":"https:\/\/goldencrowntours.com\/sp\/wp-json\/wp\/v2\/users\/1"}],"replies":[{"embeddable":true,"href":"https:\/\/goldencrowntours.com\/sp\/wp-json\/wp\/v2\/comments?post=10780"}],"version-history":[{"count":5,"href":"https:\/\/goldencrowntours.com\/sp\/wp-json\/wp\/v2\/pages\/10780\/revisions"}],"predecessor-version":[{"id":11663,"href":"https:\/\/goldencrowntours.com\/sp\/wp-json\/wp\/v2\/pages\/10780\/revisions\/11663"}],"wp:attachment":[{"href":"https:\/\/goldencrowntours.com\/sp\/wp-json\/wp\/v2\/media?parent=10780"}],"curies":[{"name":"wp","href":"https:\/\/api.w.org\/{rel}","templated":true}]}}