{"id":10774,"date":"2022-11-15T11:18:49","date_gmt":"2022-11-15T11:18:49","guid":{"rendered":"https:\/\/goldencrowntours.com\/?page_id=10774"},"modified":"2023-01-23T07:21:55","modified_gmt":"2023-01-23T07:21:55","slug":"conferences-events","status":"publish","type":"page","link":"https:\/\/goldencrowntours.com\/sp\/conferences-events\/","title":{"rendered":"MICE"},"content":{"rendered":"<p>[vc_row equal_height=&#8221;yes&#8221;][vc_column width=&#8221;2\/3&#8243;]<div class='dt-sc-section-title alignleft  vc_custom_1672727310904'><h2><span><\/span> MICE<\/h2><p><\/p><\/div><div class='dt-sc-clear '> <\/div>[vc_custom_heading text=&#8221;Paisajes impresionantes, lugares extraordinarios e instalaciones ultramodernas crean el entorno ideal tanto para los negocios como para el ocio en Jordania. Como un importante destino MICE en la regi\u00f3n MENA, Jordania presenta una s\u00f3lida propuesta para los planificadores de reuniones que buscan aprovechar las instalaciones comerciales de clase mundial, la ubicaci\u00f3n estrat\u00e9gica y la abundancia de atracciones naturales del pa\u00eds. Un per\u00edodo de desarrollo significativo ha visto el nacimiento de un nuevo panorama empresarial en Jordania, con modernos lugares de reuni\u00f3n que cuentan con las \u00faltimas innovaciones en dise\u00f1o y tecnolog\u00eda.<\/p>\n<p>Para ver y descargar una copia digital de la gu\u00eda para planificadores de reuniones, haga clic aqu\u00ed.&#8221; font_container=&#8221;tag:p|text_align:left&#8221; use_theme_fonts=&#8221;yes&#8221;]<div class='dt-sc-hr-invisible-small '> <\/div>[\/vc_column][vc_column width=&#8221;1\/3&#8243; css=&#8221;.vc_custom_1668588358418{background-position: center !important;background-repeat: no-repeat !important;background-size: cover !important;}&#8221; addstyles=&#8221;min-height: 400px;&#8221;][vc_single_image image=&#8221;10924&#8243; img_size=&#8221;full&#8221; alignment=&#8221;center&#8221;][\/vc_column][\/vc_row][vc_row][vc_column][vc_empty_space][vc_gallery type=&#8221;image_grid&#8221; images=&#8221;11604,11605,11606,11607,11608&#8243; img_size=&#8221;200&#215;100&#8243;][vc_empty_space][\/vc_column][\/vc_row][vc_row][vc_column width=&#8221;1\/4&#8243;][vc_hoverbox image=&#8221;10926&#8243; primary_title=&#8221;&#8221; hover_title=&#8221;Petra&#8221;][\/vc_hoverbox][\/vc_column][vc_column width=&#8221;1\/4&#8243;][vc_hoverbox image=&#8221;10927&#8243; primary_title=&#8221;&#8221; hover_title=&#8221;Am\u00e1n&#8221;][\/vc_hoverbox][\/vc_column][vc_column width=&#8221;1\/4&#8243;][\/vc_column][vc_column width=&#8221;1\/4&#8243;][\/vc_column][\/vc_row][vc_row][vc_column][vc_empty_space][\/vc_column][\/vc_row]<\/p>\n","protected":false},"excerpt":{"rendered":"<p>[vc_row equal_height=&#8221;yes&#8221;][vc_column width=&#8221;2\/3&#8243;][vc_custom_heading text=&#8221;Paisajes impresionantes, lugares extraordinarios e instalaciones ultramodernas crean el entorno ideal tanto para los negocios como para el ocio en Jordania. Como un importante destino MICE en la regi\u00f3n MENA, Jordania presenta una s\u00f3lida propuesta para los planificadores de reuniones que buscan aprovechar las instalaciones comerciales de clase mundial, la ubicaci\u00f3n estrat\u00e9gica [&hellip;]<\/p>\n","protected":false},"author":1,"featured_media":0,"parent":0,"menu_order":0,"comment_status":"closed","ping_status":"closed","template":"","meta":{"_joinchat":[]},"_links":{"self":[{"href":"https:\/\/goldencrowntours.com\/sp\/wp-json\/wp\/v2\/pages\/10774"}],"collection":[{"href":"https:\/\/goldencrowntours.com\/sp\/wp-json\/wp\/v2\/pages"}],"about":[{"href":"https:\/\/goldencrowntours.com\/sp\/wp-json\/wp\/v2\/types\/page"}],"author":[{"embeddable":true,"href":"https:\/\/goldencrowntours.com\/sp\/wp-json\/wp\/v2\/users\/1"}],"replies":[{"embeddable":true,"href":"https:\/\/goldencrowntours.com\/sp\/wp-json\/wp\/v2\/comments?post=10774"}],"version-history":[{"count":8,"href":"https:\/\/goldencrowntours.com\/sp\/wp-json\/wp\/v2\/pages\/10774\/revisions"}],"predecessor-version":[{"id":11666,"href":"https:\/\/goldencrowntours.com\/sp\/wp-json\/wp\/v2\/pages\/10774\/revisions\/11666"}],"wp:attachment":[{"href":"https:\/\/goldencrowntours.com\/sp\/wp-json\/wp\/v2\/media?parent=10774"}],"curies":[{"name":"wp","href":"https:\/\/api.w.org\/{rel}","templated":true}]}}