{"id":10770,"date":"2022-11-15T11:18:11","date_gmt":"2022-11-15T11:18:11","guid":{"rendered":"https:\/\/goldencrowntours.com\/?page_id=10770"},"modified":"2023-01-23T07:20:31","modified_gmt":"2023-01-23T07:20:31","slug":"leisure-wellness","status":"publish","type":"page","link":"https:\/\/goldencrowntours.com\/sp\/leisure-wellness\/","title":{"rendered":"Leisure &#038; Wellness"},"content":{"rendered":"<p>[vc_row equal_height=&#8221;yes&#8221;][vc_column width=&#8221;2\/3&#8243;]<div class='dt-sc-section-title alignleft  vc_custom_1674461963313'><h2><span><\/span> Ocio y Bienestar<\/h2><p><\/p><\/div><div class='dt-sc-clear '> <\/div>[vc_custom_heading text=&#8221;La popularidad de las vacaciones de spa ha aumentado en todo el mundo ya que muchas personas est\u00e1n adoptando estilos de vida m\u00e1s saludables. Por esta raz\u00f3n, Jordania ha complementado sus sitios terap\u00e9uticos naturales con resorts de primera clase que ofrecen una amplia gama de servicios. El objetivo es brindar a sus visitantes una experiencia \u00fanica y relajante que satisfaga todas sus necesidades de salud, estado f\u00edsico y belleza.&#8221; font_container=&#8221;tag:p|text_align:left&#8221; use_theme_fonts=&#8221;yes&#8221;]<div class='dt-sc-hr-invisible-small '> <\/div>[\/vc_column][vc_column width=&#8221;1\/3&#8243; css=&#8221;.vc_custom_1668586528486{background-position: center !important;background-repeat: no-repeat !important;background-size: cover !important;}&#8221; addstyles=&#8221;min-height: 400px;&#8221;][vc_single_image image=&#8221;10908&#8243; img_size=&#8221;full&#8221; alignment=&#8221;center&#8221;][\/vc_column][\/vc_row][vc_row][vc_column][vc_empty_space][\/vc_column][\/vc_row][vc_row][vc_column width=&#8221;1\/3&#8243;][vc_hoverbox image=&#8221;10911&#8243; primary_title=&#8221;&#8221; hover_title=&#8221;ron de wadi&#8221;][\/vc_hoverbox][\/vc_column][vc_column width=&#8221;1\/3&#8243;][vc_hoverbox image=&#8221;10910&#8243; primary_title=&#8221;&#8221; hover_title=&#8221;El mar Muerto&#8221;][\/vc_hoverbox][\/vc_column][vc_column width=&#8221;1\/3&#8243;][vc_hoverbox image=&#8221;10909&#8243; primary_title=&#8221;&#8221; hover_title=&#8221;M\u00e1daba&#8221;][\/vc_hoverbox][\/vc_column][\/vc_row]<\/p>\n","protected":false},"excerpt":{"rendered":"<p>[vc_row equal_height=&#8221;yes&#8221;][vc_column width=&#8221;2\/3&#8243;][vc_custom_heading text=&#8221;La popularidad de las vacaciones de spa ha aumentado en todo el mundo ya que muchas personas est\u00e1n adoptando estilos de vida m\u00e1s saludables. Por esta raz\u00f3n, Jordania ha complementado sus sitios terap\u00e9uticos naturales con resorts de primera clase que ofrecen una amplia gama de servicios. El objetivo es brindar a sus [&hellip;]<\/p>\n","protected":false},"author":1,"featured_media":0,"parent":0,"menu_order":0,"comment_status":"closed","ping_status":"closed","template":"","meta":{"_joinchat":[]},"_links":{"self":[{"href":"https:\/\/goldencrowntours.com\/sp\/wp-json\/wp\/v2\/pages\/10770"}],"collection":[{"href":"https:\/\/goldencrowntours.com\/sp\/wp-json\/wp\/v2\/pages"}],"about":[{"href":"https:\/\/goldencrowntours.com\/sp\/wp-json\/wp\/v2\/types\/page"}],"author":[{"embeddable":true,"href":"https:\/\/goldencrowntours.com\/sp\/wp-json\/wp\/v2\/users\/1"}],"replies":[{"embeddable":true,"href":"https:\/\/goldencrowntours.com\/sp\/wp-json\/wp\/v2\/comments?post=10770"}],"version-history":[{"count":4,"href":"https:\/\/goldencrowntours.com\/sp\/wp-json\/wp\/v2\/pages\/10770\/revisions"}],"predecessor-version":[{"id":11665,"href":"https:\/\/goldencrowntours.com\/sp\/wp-json\/wp\/v2\/pages\/10770\/revisions\/11665"}],"wp:attachment":[{"href":"https:\/\/goldencrowntours.com\/sp\/wp-json\/wp\/v2\/media?parent=10770"}],"curies":[{"name":"wp","href":"https:\/\/api.w.org\/{rel}","templated":true}]}}