{"id":10768,"date":"2022-11-15T11:17:53","date_gmt":"2022-11-15T11:17:53","guid":{"rendered":"https:\/\/goldencrowntours.com\/?page_id=10768"},"modified":"2023-01-23T07:17:37","modified_gmt":"2023-01-23T07:17:37","slug":"eco-adventure","status":"publish","type":"page","link":"https:\/\/goldencrowntours.com\/sp\/eco-adventure\/","title":{"rendered":"Eco &#038; Adventure"},"content":{"rendered":"<p>[vc_row equal_height=&#8221;yes&#8221;][vc_column width=&#8221;2\/3&#8243;]<div class='dt-sc-section-title alignleft  vc_custom_1674461685733'><h2><span><\/span> Eco &amp; Aventura<\/h2><p><\/p><\/div><div class='dt-sc-clear '> <\/div>[vc_custom_heading text=&#8221;La naturaleza de la tierra ha moldeado durante siglos la naturaleza de sus habitantes; y la naturaleza de la tierra aqu\u00ed ha inspirado gente hospitalaria, cocina local variada y experiencias notables. La variedad del paisaje tambi\u00e9n inspira a los lugare\u00f1os y visitantes a realizar safaris, observar aves migratorias en sus movimientos estacionales, observar especies en peligro de extinci\u00f3n en sus h\u00e1bitats naturales, buscar flores raras en los valles y colinas, disfrutar de paseos a caballo o caminar por el Reino. .<\/p>\n<p>En Jordania podr\u00e1s caminar a trav\u00e9s de ca\u00f1ones, descender impresionantes cascadas en medio de la naturaleza virgen, escalar acantilados y monta\u00f1as para alcanzar vistas impresionantes, andar en bicicleta por los caminos de los reyes y emperadores de la historia, y mucho m\u00e1s.<br \/>\nIn Jordan you will be able to hike through canyons, descend stunning waterfalls in the middle of untouched nature, climb cliffs and mountains to reach breathtaking views, bike through the roads of history\u2019s kings and emperors, and so much more.&#8221; font_container=&#8221;tag:p|text_align:left&#8221; use_theme_fonts=&#8221;yes&#8221;]<div class='dt-sc-hr-invisible-small '> <\/div>[\/vc_column][vc_column width=&#8221;1\/3&#8243; css=&#8221;.vc_custom_1668516233174{background-image: url(https:\/\/goldencrowntours.com\/wp-content\/uploads\/2022\/11\/8b2a1949-89b5-4cb6-9a76-1bf3ec2ddf09..jpg?id=10817) !important;background-position: center !important;background-repeat: no-repeat !important;background-size: cover !important;}&#8221; addstyles=&#8221;min-height: 400px;&#8221;][\/vc_column][\/vc_row][vc_row][vc_column][vc_empty_space][\/vc_column][\/vc_row][vc_row][vc_column width=&#8221;1\/4&#8243;][vc_hoverbox image=&#8221;10824&#8243; primary_title=&#8221;&#8221; hover_title=&#8221;ron de wadi&#8221;][\/vc_hoverbox][\/vc_column][vc_column width=&#8221;1\/4&#8243;][vc_hoverbox image=&#8221;10823&#8243; primary_title=&#8221;&#8221; hover_title=&#8221;M\u00e1daba&#8221;][\/vc_hoverbox][\/vc_column][vc_column width=&#8221;1\/4&#8243;][vc_hoverbox image=&#8221;10822&#8243; primary_title=&#8221;&#8221; hover_title=&#8221;\u00c1qaba&#8221;][\/vc_hoverbox][\/vc_column][vc_column width=&#8221;1\/4&#8243;][vc_hoverbox image=&#8221;10821&#8243; primary_title=&#8221;&#8221; hover_title=&#8221;Ajlun&#8221;][\/vc_hoverbox][\/vc_column][\/vc_row][vc_row][vc_column][vc_empty_space][\/vc_column][\/vc_row][vc_row][vc_column width=&#8221;1\/4&#8243;][vc_hoverbox image=&#8221;10820&#8243; primary_title=&#8221;&#8221; hover_title=&#8221;Kerak&#8221;][\/vc_hoverbox][\/vc_column][vc_column width=&#8221;1\/4&#8243;][vc_hoverbox image=&#8221;10819&#8243; primary_title=&#8221;&#8221; hover_title=&#8221;Dana a Feynan&#8221;][\/vc_hoverbox][\/vc_column][vc_column width=&#8221;1\/4&#8243;][vc_hoverbox image=&#8221;10818&#8243; primary_title=&#8221;&#8221; hover_title=&#8221;Wadi Mujib&#8221;][\/vc_hoverbox][\/vc_column][vc_column width=&#8221;1\/4&#8243;][\/vc_column][\/vc_row]<\/p>\n","protected":false},"excerpt":{"rendered":"<p>[vc_row equal_height=&#8221;yes&#8221;][vc_column width=&#8221;2\/3&#8243;][vc_custom_heading text=&#8221;La naturaleza de la tierra ha moldeado durante siglos la naturaleza de sus habitantes; y la naturaleza de la tierra aqu\u00ed ha inspirado gente hospitalaria, cocina local variada y experiencias notables. La variedad del paisaje tambi\u00e9n inspira a los lugare\u00f1os y visitantes a realizar safaris, observar aves migratorias en sus movimientos estacionales, [&hellip;]<\/p>\n","protected":false},"author":1,"featured_media":0,"parent":0,"menu_order":0,"comment_status":"closed","ping_status":"closed","template":"","meta":{"_joinchat":[]},"_links":{"self":[{"href":"https:\/\/goldencrowntours.com\/sp\/wp-json\/wp\/v2\/pages\/10768"}],"collection":[{"href":"https:\/\/goldencrowntours.com\/sp\/wp-json\/wp\/v2\/pages"}],"about":[{"href":"https:\/\/goldencrowntours.com\/sp\/wp-json\/wp\/v2\/types\/page"}],"author":[{"embeddable":true,"href":"https:\/\/goldencrowntours.com\/sp\/wp-json\/wp\/v2\/users\/1"}],"replies":[{"embeddable":true,"href":"https:\/\/goldencrowntours.com\/sp\/wp-json\/wp\/v2\/comments?post=10768"}],"version-history":[{"count":5,"href":"https:\/\/goldencrowntours.com\/sp\/wp-json\/wp\/v2\/pages\/10768\/revisions"}],"predecessor-version":[{"id":11664,"href":"https:\/\/goldencrowntours.com\/sp\/wp-json\/wp\/v2\/pages\/10768\/revisions\/11664"}],"wp:attachment":[{"href":"https:\/\/goldencrowntours.com\/sp\/wp-json\/wp\/v2\/media?parent=10768"}],"curies":[{"name":"wp","href":"https:\/\/api.w.org\/{rel}","templated":true}]}}