{"id":10729,"date":"2022-11-15T10:57:32","date_gmt":"2022-11-15T10:57:32","guid":{"rendered":"https:\/\/goldencrowntours.com\/?page_id=10729"},"modified":"2023-01-23T06:52:53","modified_gmt":"2023-01-23T06:52:53","slug":"jordans-history","status":"publish","type":"page","link":"https:\/\/goldencrowntours.com\/sp\/jordans-history\/","title":{"rendered":"Jordan&#8217;s History"},"content":{"rendered":"<p>[vc_row equal_height=&#8221;yes&#8221;][vc_column width=&#8221;2\/3&#8243;]<div class='dt-sc-section-title alignleft  vc_custom_1674460290711'><h2><span><\/span> Historia de Jordania<\/h2><p><\/p><\/div><div class='dt-sc-clear '> <\/div>[vc_custom_heading text=&#8221;Jordania es una tierra llena de historia. Ha sido el hogar de algunos de los primeros asentamientos y pueblos de la humanidad; albergando reliquias ocultas de las grandes civilizaciones del mundo.<\/p>\n<p>Como encrucijada del Medio Oriente, las tierras de Jordania y Palestina han servido como nexo estrat\u00e9gico; conectando Asia, \u00c1frica y Europa. Desde los albores de la civilizaci\u00f3n, la geograf\u00eda de Jordania le ha dado un papel importante como conducto para el comercio y las comunicaciones; conectando oriente con occidente. Jordania sigue desempe\u00f1ando un papel fundamental en los asuntos geopol\u00edticos.<\/p>\n<p>Consejo profesional: el D\u00eda de la Independencia de Jordania es el 25 de mayo.&#8221; font_container=&#8221;tag:p|text_align:left&#8221; use_theme_fonts=&#8221;yes&#8221;]<div class='dt-sc-hr-invisible-small '> <\/div>[\/vc_column][vc_column width=&#8221;1\/3&#8243; css=&#8221;.vc_custom_1668514088965{background-image: url(https:\/\/goldencrowntours.com\/wp-content\/uploads\/2015\/06\/jordan-lifestyle.jpg?id=10650) !important;background-position: center !important;background-repeat: no-repeat !important;background-size: cover !important;}&#8221; addstyles=&#8221;min-height: 400px;&#8221;][\/vc_column][\/vc_row][vc_row][vc_column][vc_column_text]<\/p>\n<h2>Historia de Jordania<\/h2>\n<p>La historia de Jordania se refiere a la historia del Reino Hachemita de Jordania y el per\u00edodo de fondo del Emirato de Transjordania bajo el protectorado brit\u00e1nico, as\u00ed como la historia general de la regi\u00f3n de Transjordania.<\/p>\n<p>La ciudadela de Am\u00e1n refleja 7000 a\u00f1os de historia jordana<\/p>\n<p>Hay evidencia de actividad humana en Transjordania ya en el per\u00edodo Paleol\u00edtico. El \u00e1rea fue colonizada por tribus n\u00f3madas en la Edad del Bronce, que se consolidaron en peque\u00f1os reinos durante la Edad del Hierro, como los amonitas, moabitas y edomitas, con \u00e1reas parciales controladas por los israelitas. En el per\u00edodo cl\u00e1sico, Transjordania estuvo bajo la influencia griega y m\u00e1s tarde romana. Bajo los romanos y los bizantinos, Transjordania fue el hogar de la Dec\u00e1polis en el norte, con gran parte de la regi\u00f3n designada como Arabia bizantina. Los reinos cl\u00e1sicos ubicados en la regi\u00f3n de Transjordania, como el reino nabateo de la era romana, que ten\u00eda su capital en Petra, dejaron ruinas particularmente dram\u00e1ticas, populares hoy en d\u00eda entre turistas y cineastas. La historia de Transjordania continu\u00f3 con los imperios musulmanes a partir del siglo VII, el control parcial de los cruzados a mediados de la Edad Media (pa\u00eds de Oultrejordain) y, finalmente, el dominio mameluco desde el siglo XIII y el dominio otomano entre el siglo XVI y la Primera Guerra Mundial. .<\/p>\n<p>Con la Gran Revuelta \u00c1rabe en 1916 y la consiguiente invasi\u00f3n brit\u00e1nica, el \u00e1rea qued\u00f3 bajo la Administraci\u00f3n del Territorio Enemigo Ocupado gobernado por los anglo\u00e1rabes Este en 1917, que fue declarado como el Reino \u00c1rabe de Siria en 1920. Tras la ocupaci\u00f3n francesa de solo el norte parte del Reino de Siria, Transjordania qued\u00f3 en un per\u00edodo de interregno. Unos meses m\u00e1s tarde, Abdullah, el segundo hijo de Sharif Hussein, lleg\u00f3 a Transjordania. Con el memor\u00e1ndum de Transjordania sobre el Mandato de Palestina a principios de la d\u00e9cada de 1920, se convirti\u00f3 en el Emirato de Transjordania bajo el Emir Hachemita. En 1946, se form\u00f3 el Reino Hachemita independiente de Transjordania y poco despu\u00e9s fue admitido en las Naciones Unidas y la Liga \u00c1rabe. En 1948, Jordania luch\u00f3 con el reci\u00e9n nacido estado de Israel por las tierras del antiguo Mandato de Palestina, obteniendo efectivamente el control de Cisjordania y anexion\u00e1ndola con su poblaci\u00f3n palestina. Jordania perdi\u00f3 Cisjordania en la Guerra de 1967 con Israel y desde entonces se convirti\u00f3 en la base central de la Organizaci\u00f3n para la Liberaci\u00f3n de Palestina (OLP) en su lucha contra Israel. La alianza entre la OLP y los jordanos, activa durante la\u00a0Guerra de Desgaste, lleg\u00f3 a su fin en el sangriento\u00a0Septiembre Negro en Jordania\u00a0en 1970, cuando una guerra civil entre jordanos y palestinos (con el apoyo de los baazistas sirios) se cobr\u00f3 miles de vidas. . Posteriormente, la OLP derrotada fue expulsada de Jordania junto con decenas de miles de sus combatientes y sus familias palestinas, reubic\u00e1ndose en el sur del L\u00edbano.<\/p>\n<p>Edad de Piedra<br \/>\nM\u00e1s informaci\u00f3n:\u00a0Prehistoria del Levante<\/p>\n<p>&nbsp;<\/p>\n<p>Esta piedra de basalto est\u00e1 grabada con una escena que muestra dos animales, probablemente gacelas. De Dhuweila, este de Jordania, c. 6200 a. Museo Brit\u00e1nico<\/p>\n<p>La evidencia de actividad humana en Jordania se remonta al per\u00edodo Paleol\u00edtico. Si bien no hay evidencia arquitect\u00f3nica de esta \u00e9poca, los arque\u00f3logos han encontrado herramientas, como hachas de mano de pedernal y basalto, cuchillos e implementos para raspar.<\/p>\n<p>En el per\u00edodo Neol\u00edtico (8500\u20134500 a. C.) ocurrieron tres cambios importantes. Primero, la gente se volvi\u00f3 sedentaria, viviendo en peque\u00f1as aldeas y descubriendo y domesticando nuevas fuentes de alimentos como cereales, guisantes y lentejas, as\u00ed como cabras. La poblaci\u00f3n humana aument\u00f3 a decenas de miles.<\/p>\n<p>En segundo lugar, este cambio en el patr\u00f3n de asentamiento parece haber sido catalizado por un marcado cambio en el clima. El desierto oriental, en particular, se volvi\u00f3 m\u00e1s c\u00e1lido y seco, eventualmente hasta el punto en que se volvi\u00f3 inhabitable durante la mayor parte del a\u00f1o. Se cree que este cambio clim\u00e1tico decisivo ocurri\u00f3 entre el 6500 y el 5500 a.<\/p>\n<p>En tercer lugar, a partir de alg\u00fan momento entre 5500 y 4500 a. C., los habitantes comenzaron a hacer cer\u00e1mica con arcilla en lugar de yeso. Las tecnolog\u00edas de fabricaci\u00f3n de cer\u00e1mica probablemente fueron introducidas en el \u00e1rea por artesanos de Mesopotamia.<\/p>\n<p>El sitio neol\u00edtico m\u00e1s grande de Jordania se encuentra en Ein Ghazal en Amman. Los muchos edificios se dividieron en tres distritos distintos. Las casas eran rectangulares y ten\u00edan varias habitaciones, algunas con pisos de yeso. Los arque\u00f3logos han desenterrado cr\u00e1neos cubiertos con yeso y bet\u00fan en las cuencas de los ojos en lugares de Jordania, Israel, los Territorios Palestinos y Siria. Se cree que una estatua descubierta en Ein Ghazal tiene 8.000 a\u00f1os. Con poco m\u00e1s de un metro de altura, representa a una mujer con ojos enormes, brazos flacos, rodillas huesudas y una representaci\u00f3n detallada de los dedos de los pies.<\/p>\n<p>Calcol\u00edtico<\/p>\n<p>Durante el per\u00edodo calcol\u00edtico (4500-3200 a. C.), el cobre comenz\u00f3 a fundirse y usarse para fabricar hachas, puntas de flecha y anzuelos. Predomin\u00f3 el cultivo de cebada, d\u00e1tiles, olivos y lentejas, y la domesticaci\u00f3n de ovejas y cabras, m\u00e1s que la caza. El estilo de vida en el desierto probablemente era muy similar al de los beduinos modernos.[\/vc_column_text][vc_empty_space][\/vc_column][\/vc_row]<\/p>\n","protected":false},"excerpt":{"rendered":"<p>[vc_row equal_height=&#8221;yes&#8221;][vc_column width=&#8221;2\/3&#8243;][vc_custom_heading text=&#8221;Jordania es una tierra llena de historia. Ha sido el hogar de algunos de los primeros asentamientos y pueblos de la humanidad; albergando reliquias ocultas de las grandes civilizaciones del mundo. Como encrucijada del Medio Oriente, las tierras de Jordania y Palestina han servido como nexo estrat\u00e9gico; conectando Asia, \u00c1frica y Europa. [&hellip;]<\/p>\n","protected":false},"author":1,"featured_media":0,"parent":0,"menu_order":0,"comment_status":"closed","ping_status":"closed","template":"","meta":{"_joinchat":[]},"_links":{"self":[{"href":"https:\/\/goldencrowntours.com\/sp\/wp-json\/wp\/v2\/pages\/10729"}],"collection":[{"href":"https:\/\/goldencrowntours.com\/sp\/wp-json\/wp\/v2\/pages"}],"about":[{"href":"https:\/\/goldencrowntours.com\/sp\/wp-json\/wp\/v2\/types\/page"}],"author":[{"embeddable":true,"href":"https:\/\/goldencrowntours.com\/sp\/wp-json\/wp\/v2\/users\/1"}],"replies":[{"embeddable":true,"href":"https:\/\/goldencrowntours.com\/sp\/wp-json\/wp\/v2\/comments?post=10729"}],"version-history":[{"count":6,"href":"https:\/\/goldencrowntours.com\/sp\/wp-json\/wp\/v2\/pages\/10729\/revisions"}],"predecessor-version":[{"id":11658,"href":"https:\/\/goldencrowntours.com\/sp\/wp-json\/wp\/v2\/pages\/10729\/revisions\/11658"}],"wp:attachment":[{"href":"https:\/\/goldencrowntours.com\/sp\/wp-json\/wp\/v2\/media?parent=10729"}],"curies":[{"name":"wp","href":"https:\/\/api.w.org\/{rel}","templated":true}]}}