{"id":10728,"date":"2022-11-15T10:57:29","date_gmt":"2022-11-15T10:57:29","guid":{"rendered":"https:\/\/goldencrowntours.com\/?page_id=10728"},"modified":"2023-01-23T06:47:16","modified_gmt":"2023-01-23T06:47:16","slug":"the-royal-family","status":"publish","type":"page","link":"https:\/\/goldencrowntours.com\/sp\/the-royal-family\/","title":{"rendered":"The Royal Family"},"content":{"rendered":"<p>[vc_row][vc_column][vc_single_image image=&#8221;10738&#8243; img_size=&#8221;full&#8221; alignment=&#8221;center&#8221;][\/vc_column][\/vc_row][vc_row equal_height=&#8221;yes&#8221;][vc_column width=&#8221;2\/3&#8243;]<div class='dt-sc-section-title alignleft  vc_custom_1674459375220'><h2><span><\/span> La familia real<\/h2><p><\/p><\/div><div class='dt-sc-clear '> <\/div>[vc_custom_heading text=&#8221;Su Majestad el Rey Abdullah II bin Al Hussein asumi\u00f3 sus poderes constitucionales como Rey del Reino Hachemita de Jordania el 7 de febrero de 1999, el d\u00eda en que falleci\u00f3 su padre, el difunto Rey Hussein.<\/p>\n<p>Su Majestad el Rey Hussein bin Talal, el padre de la Jordania moderna, siempre ser\u00e1 recordado como un l\u00edder que gui\u00f3 a su pa\u00eds a trav\u00e9s de conflictos y turbulencias para convertirse en un oasis de paz, estabilidad y moderaci\u00f3n en el Medio Oriente. Entre los jordanos, su memoria es apreciada como inspiraci\u00f3n para el clima de apertura, tolerancia y compasi\u00f3n de Jordania. Conocido por su pueblo como Al-Malik Al-Insan (&#8220;El Rey Humano&#8220;), el Rey Hussein era descendiente directo de la cuadrag\u00e9sima segunda generaci\u00f3n del Profeta Muhammad, la paz sea con \u00e9l (PBUH).&#8221; font_container=&#8221;tag:p|text_align:left&#8221; use_theme_fonts=&#8221;yes&#8221;]<div class='dt-sc-hr-invisible-small '> <\/div>[\/vc_column][vc_column width=&#8221;1\/3&#8243; css=&#8221;.vc_custom_1668513815811{background-image: url(https:\/\/goldencrowntours.com\/wp-content\/uploads\/2022\/11\/ddd83316-c4b7-4718-8f7c-33063ffea31f..jpg?id=10737) !important;background-position: center !important;background-repeat: no-repeat !important;background-size: cover !important;}&#8221; addstyles=&#8221;min-height: 400px;&#8221;][\/vc_column][\/vc_row][vc_row][vc_column][vc_empty_space][\/vc_column][\/vc_row][vc_row][vc_column width=&#8221;2\/3&#8243;][vc_column_text]Nacido en Am\u00e1n el 14 de noviembre de 1935, hijo del pr\u00edncipe Talal bin Abdullah y la princesa Zein al-Sharaf bint Jamil, el rey Hussein asisti\u00f3 al Victoria College en Alejandr\u00eda, Egipto, y al Harrow School en Inglaterra. M\u00e1s tarde recibi\u00f3 su educaci\u00f3n militar en la Royal Military Academy Sandhurst en Inglaterra.<\/p>\n<p>Hussein fue proclamado Rey del Reino Hachemita de Jordania el 11 de agosto de 1952. Se nombr\u00f3 un Consejo de Regencia hasta la ascensi\u00f3n formal al trono del Rey Hussein el 2 de mayo de 1953, cuando asumi\u00f3 sus poderes constitucionales despu\u00e9s de cumplir dieciocho a\u00f1os, seg\u00fan el calendario isl\u00e1mico.<\/p>\n<p>A lo largo de su largo y agitado reinado, el rey Hussein trabaj\u00f3 arduamente para construir su pa\u00eds y elevar el nivel de vida de todos los jordanos. Al principio, el rey Hussein se concentr\u00f3 en construir una infraestructura econ\u00f3mica e industrial que complementara y mejorara los avances que quer\u00eda lograr en la calidad de vida de su pueblo. Durante la d\u00e9cada de 1960, se desarrollaron las principales industrias de Jordania, incluidas las de fosfato, potasa y cemento, y se construy\u00f3 una red de carreteras en todo el reino.[\/vc_column_text][\/vc_column][vc_column width=&#8221;1\/3&#8243;][vc_single_image image=&#8221;10741&#8243; img_size=&#8221;full&#8221; alignment=&#8221;center&#8221;][\/vc_column][\/vc_row][vc_row][vc_column][vc_column_text]El rey Hussein se esforz\u00f3 durante su reinado de 47 a\u00f1os para promover la paz en el Medio Oriente. El Tratado de Paz de 1994 entre Jordania e Israel es un paso importante hacia el logro de una paz justa, integral y duradera en el Medio Oriente.<\/p>\n<p>El rey Hussein se cas\u00f3 con la reina Noor el 15 de junio de 1978. Tienen dos hijos, Hamzah y Hashem, y dos hijas, Iman y Raiyah. A Su Majestad tambi\u00e9n le sobreviven tres hijos, Abdullah, Faisal y Ali, y cinco hijas, Alia, Zein, Aisha, Haya y Abeer, de tres matrimonios anteriores. Hacia el final de su vida, el rey Hussein se convirti\u00f3 en el orgulloso abuelo de un n\u00famero creciente de nietos.<\/p>\n<p>Nacido en Amman el 30 de enero de 1962, Su Majestad el Rey Abdullah II ibn Al Hussein es el hijo mayor de Su Majestad el difunto Rey Hussein y Su Alteza Real la Princesa Muna Al Hussein. Comenz\u00f3 su educaci\u00f3n primaria en el Colegio Educativo Isl\u00e1mico en Amman y luego asisti\u00f3 a la Escuela St. Edmund en Surrey, Inglaterra. Para su educaci\u00f3n secundaria, asisti\u00f3 a Eaglebrook School y Deerfield Academy en los Estados Unidos de Am\u00e9rica.<\/p>\n<p>Su Majestad el Rey Abdullah II ibn Al Hussein se uni\u00f3 a la Royal Military Academy Sandhurst en el Reino Unido en 1980, y fue comisionado como Segundo Teniente en 1981. M\u00e1s tarde fue nombrado L\u00edder de la Tropa de Reconocimiento en el 13.\u00ba\/18.\u00ba Batall\u00f3n de Royal Hussars (Ej\u00e9rcito Brit\u00e1nico). ) en Alemania (Occidental) e Inglaterra. En 1982, Su Majestad el Rey Abdullah II ibn Al Hussein asisti\u00f3 a la Universidad de Oxford, donde complet\u00f3 un curso de Estudios Especiales de un a\u00f1o en Asuntos del Medio Oriente. Al regresar a casa, Su Majestad el Rey Abdullah II ibn Al Hussein se uni\u00f3 a las Fuerzas Armadas de Jordania.<\/p>\n<p>Desde su ascensi\u00f3n al trono, Su Majestad el Rey Abdullah II ibn Al Hussein est\u00e1 comprometido a construir sobre el legado del difunto Rey para institucionalizar a\u00fan m\u00e1s el pluralismo democr\u00e1tico y pol\u00edtico en Jordania. Ha realizado grandes esfuerzos para garantizar niveles sostenibles de crecimiento econ\u00f3mico y desarrollo social; destinado a mejorar el nivel de vida de todos los jordanos.<\/p>\n<p>Su Majestad el Rey Abdullah II ibn Al Hussein se cas\u00f3 con la Reina Rania el 10 de junio de 1993. La pareja real tiene dos hijos, el Pr\u00edncipe Hussein, nacido el 28 de junio de 1994, y el Pr\u00edncipe Hashem, nacido el 30 de enero de 2005, y dos hijas, la Princesa Iman. , nacida el 27 de septiembre de 1996, y la Princesa Salma, nacida el 26 de septiembre de 2000. El Rey tiene cuatro hermanos y siete hermanas.<\/p>\n<p>Informaci\u00f3n cortes\u00eda de www.kingabdullah.jo<\/p>\n<p>Para obtener m\u00e1s informaci\u00f3n sobre la familia real, visite estos sitios web:<\/p>\n<p><b><a href=\"http:\/\/www.kingabdullah.jo\/\" target=\"_blank\" rel=\"noopener\">www.kingabdullah.jo<\/a><\/b><\/p>\n<p><b><a href=\"http:\/\/www.queenrania.jo\/\" target=\"_blank\" rel=\"noopener\">www.queenrania.jo<\/a><\/b><\/p>\n<p>[\/vc_column_text][\/vc_column][\/vc_row][vc_row][vc_column][vc_empty_space][\/vc_column][\/vc_row]<\/p>\n","protected":false},"excerpt":{"rendered":"<p>[vc_row][vc_column][vc_single_image image=&#8221;10738&#8243; img_size=&#8221;full&#8221; alignment=&#8221;center&#8221;][\/vc_column][\/vc_row][vc_row equal_height=&#8221;yes&#8221;][vc_column width=&#8221;2\/3&#8243;][vc_custom_heading text=&#8221;Su Majestad el Rey Abdullah II bin Al Hussein asumi\u00f3 sus poderes constitucionales como Rey del Reino Hachemita de Jordania el 7 de febrero de 1999, el d\u00eda en que falleci\u00f3 su padre, el difunto Rey Hussein. Su Majestad el Rey Hussein bin Talal, el padre de la Jordania [&hellip;]<\/p>\n","protected":false},"author":1,"featured_media":0,"parent":0,"menu_order":0,"comment_status":"closed","ping_status":"closed","template":"","meta":{"_joinchat":[]},"_links":{"self":[{"href":"https:\/\/goldencrowntours.com\/sp\/wp-json\/wp\/v2\/pages\/10728"}],"collection":[{"href":"https:\/\/goldencrowntours.com\/sp\/wp-json\/wp\/v2\/pages"}],"about":[{"href":"https:\/\/goldencrowntours.com\/sp\/wp-json\/wp\/v2\/types\/page"}],"author":[{"embeddable":true,"href":"https:\/\/goldencrowntours.com\/sp\/wp-json\/wp\/v2\/users\/1"}],"replies":[{"embeddable":true,"href":"https:\/\/goldencrowntours.com\/sp\/wp-json\/wp\/v2\/comments?post=10728"}],"version-history":[{"count":5,"href":"https:\/\/goldencrowntours.com\/sp\/wp-json\/wp\/v2\/pages\/10728\/revisions"}],"predecessor-version":[{"id":11657,"href":"https:\/\/goldencrowntours.com\/sp\/wp-json\/wp\/v2\/pages\/10728\/revisions\/11657"}],"wp:attachment":[{"href":"https:\/\/goldencrowntours.com\/sp\/wp-json\/wp\/v2\/media?parent=10728"}],"curies":[{"name":"wp","href":"https:\/\/api.w.org\/{rel}","templated":true}]}}