{"id":10718,"date":"2022-11-15T10:51:37","date_gmt":"2022-11-15T10:51:37","guid":{"rendered":"https:\/\/goldencrowntours.com\/?page_id=10718"},"modified":"2023-01-23T12:27:17","modified_gmt":"2023-01-23T12:27:17","slug":"jordan","status":"publish","type":"page","link":"https:\/\/goldencrowntours.com\/sp\/jordan\/","title":{"rendered":"Jordan"},"content":{"rendered":"<p>[vc_row equal_height=&#8221;yes&#8221;][vc_column width=&#8221;2\/3&#8243;]<div class='dt-sc-section-title alignleft  vc_custom_1674398924498'><h2><span><\/span> Jordania de un vistazo<\/h2><p><\/p><\/div><div class='dt-sc-clear '> <\/div>[vc_custom_heading text=&#8221;El Reino Hachemita de Jordania, un lugar que una vez cautiv\u00f3 a los antiguos viajeros, contin\u00faa cautivando a una nueva generaci\u00f3n con su mezcla ecl\u00e9ctica de modernidad y tradici\u00f3n.<\/p>\n<p>Desde la encantadora crudeza de Wadi Rum hasta el inquieto centro de la ciudad de Amman y las majestuosas ruinas de civilizaciones una vez olvidadas. Jordania es un destino \u00fanico que ofrece vistas impresionantes, alojamientos encantadores y una cocina exquisita. Jordan es el hogar de innumerables maravillas que seguramente te dejar\u00e1n asombrado.<\/p>\n<p>Convirti\u00e9ndose silenciosamente en un destino principal dentro de la regi\u00f3n, Jordania ha sido testigo del surgimiento de hoteles de lujo en Amman, Petra, Aqaba y el Mar Muerto. Ya sea que est\u00e9 buscando la aut\u00e9ntica experiencia de mochilero o el refinamiento informal de un servicio de 5 estrellas, el Reino Hachemita es adecuado tanto para el arist\u00f3crata como para el modesto.&#8221; font_container=&#8221;tag:p|text_align:left&#8221; use_theme_fonts=&#8221;yes&#8221;]<div class='dt-sc-hr-invisible-small '> <\/div>[\/vc_column][vc_column width=&#8221;1\/3&#8243; css=&#8221;.vc_custom_1668512657577{background-image: url(https:\/\/goldencrowntours.com\/wp-content\/uploads\/2015\/06\/the-treasury-petra-scaled.jpg?id=10659) !important;background-position: center !important;background-repeat: no-repeat !important;background-size: cover !important;}&#8221; addstyles=&#8221;min-height: 400px;&#8221;][\/vc_column][\/vc_row][vc_row][vc_column][vc_empty_space][\/vc_column][\/vc_row][vc_row][vc_column width=&#8221;1\/3&#8243;][vc_single_image image=&#8221;10724&#8243; img_size=&#8221;full&#8221; alignment=&#8221;center&#8221; onclick=&#8221;custom_link&#8221;][\/vc_column][vc_column width=&#8221;2\/3&#8243;][vc_column_text]<\/p>\n<h3>GOBIERNO ACTUAL DE JORDANIA<\/h3>\n<p>[\/vc_column_text][vc_btn title=&#8221;Lee mas&#8221; link=&#8221;url:https%3A%2F%2Fgoldencrowntours.com%2Fsp%2Fjordans-current-government%2F|||&#8221;][\/vc_column][\/vc_row][vc_row][vc_column width=&#8221;1\/3&#8243;][vc_single_image image=&#8221;10723&#8243; img_size=&#8221;full&#8221; alignment=&#8221;center&#8221; onclick=&#8221;custom_link&#8221;][\/vc_column][vc_column width=&#8221;2\/3&#8243;][vc_column_text]<\/p>\n<h3>La familia real<\/h3>\n<p>[\/vc_column_text][vc_btn title=&#8221;Lee mas&#8221; link=&#8221;url:https%3A%2F%2Fgoldencrowntours.com%2Fsp%2Fthe-royal-family%2F|||&#8221;][\/vc_column][\/vc_row][vc_row][vc_column width=&#8221;1\/3&#8243;][vc_single_image image=&#8221;10722&#8243; img_size=&#8221;full&#8221; alignment=&#8221;center&#8221; onclick=&#8221;custom_link&#8221;][\/vc_column][vc_column width=&#8221;2\/3&#8243;][vc_column_text]<\/p>\n<h3>Historia de Jordania<\/h3>\n<p>[\/vc_column_text][vc_btn title=&#8221;Lee mas&#8221; link=&#8221;url:https%3A%2F%2Fgoldencrowntours.com%2Fsp%2Fjordans-history%2F|||&#8221;][\/vc_column][\/vc_row][vc_row][vc_column width=&#8221;1\/3&#8243;][vc_single_image image=&#8221;11531&#8243; img_size=&#8221;full&#8221; alignment=&#8221;center&#8221; onclick=&#8221;custom_link&#8221;][\/vc_column][vc_column width=&#8221;2\/3&#8243;][vc_column_text]<\/p>\n<div class=\"ctitle\">\n<h2>Cocina local<\/h2>\n<\/div>\n<p>Pruebe la comida tradicional jordana preparada por familias locales como lebneh, aceitunas, Mansaf. Disfruta de una demostraci\u00f3n de cocina subterr\u00e1nea Zarb. Comparta sus experiencias con caf\u00e9 y t\u00e9.[\/vc_column_text][\/vc_column][\/vc_row][vc_column width=&#8221;1\/4&#8243;][\/vc_column][vc_column width=&#8221;1\/2&#8243;][\/vc_column]<\/p>\n","protected":false},"excerpt":{"rendered":"<p>[vc_row equal_height=&#8221;yes&#8221;][vc_column width=&#8221;2\/3&#8243;][vc_custom_heading text=&#8221;El Reino Hachemita de Jordania, un lugar que una vez cautiv\u00f3 a los antiguos viajeros, contin\u00faa cautivando a una nueva generaci\u00f3n con su mezcla ecl\u00e9ctica de modernidad y tradici\u00f3n. Desde la encantadora crudeza de Wadi Rum hasta el inquieto centro de la ciudad de Amman y las majestuosas ruinas de civilizaciones una [&hellip;]<\/p>\n","protected":false},"author":1,"featured_media":0,"parent":0,"menu_order":0,"comment_status":"closed","ping_status":"closed","template":"","meta":{"_joinchat":[]},"_links":{"self":[{"href":"https:\/\/goldencrowntours.com\/sp\/wp-json\/wp\/v2\/pages\/10718"}],"collection":[{"href":"https:\/\/goldencrowntours.com\/sp\/wp-json\/wp\/v2\/pages"}],"about":[{"href":"https:\/\/goldencrowntours.com\/sp\/wp-json\/wp\/v2\/types\/page"}],"author":[{"embeddable":true,"href":"https:\/\/goldencrowntours.com\/sp\/wp-json\/wp\/v2\/users\/1"}],"replies":[{"embeddable":true,"href":"https:\/\/goldencrowntours.com\/sp\/wp-json\/wp\/v2\/comments?post=10718"}],"version-history":[{"count":14,"href":"https:\/\/goldencrowntours.com\/sp\/wp-json\/wp\/v2\/pages\/10718\/revisions"}],"predecessor-version":[{"id":11703,"href":"https:\/\/goldencrowntours.com\/sp\/wp-json\/wp\/v2\/pages\/10718\/revisions\/11703"}],"wp:attachment":[{"href":"https:\/\/goldencrowntours.com\/sp\/wp-json\/wp\/v2\/media?parent=10718"}],"curies":[{"name":"wp","href":"https:\/\/api.w.org\/{rel}","templated":true}]}}