{"id":7467,"date":"2016-11-19T06:28:26","date_gmt":"2016-11-19T06:28:26","guid":{"rendered":"https:\/\/gardening.local\/?page_id=7467"},"modified":"2024-01-23T07:39:11","modified_gmt":"2024-01-23T07:39:11","slug":"home","status":"publish","type":"page","link":"https:\/\/goldencrowntours.com\/pr\/","title":{"rendered":"Home"},"content":{"rendered":"<p>[vc_row css=&#8221;.vc_custom_1483334570779{padding-top: 100px !important;padding-bottom: 70px !important;}&#8221;][vc_column width=&#8221;1\/2&#8243;]<div class='dt-sc-section-title type2 alignleft  '><p>Golden Crown Tours<\/p><h2><span><\/span> <\/h2><\/div><div class='dt-sc-clear '> <\/div>[vc_column_text]Muitas felicidades da terra de paz e amor, Jordan. Estamos muito felizes em nos apresentar a voc\u00ea como Golden Crown Tours.<\/p>\n<p>A Golden Crown Tours foi fundada em 02 de junho de 1996 pelo Sr. Salem Salim Odeh, ap\u00f3s servir 25 anos na Royal Jordanian Airlines.<\/p>\n<p>Cria\u00e7\u00e3o de um bureau de gest\u00e3o de destinos de propriedade familiar, localizado em Am\u00e3, na Jord\u00e2nia, com nove funcion\u00e1rios apaixonados por hospitalidade e servi\u00e7os de viagens.<\/p>\n<p>Na Golden Crown Tours, nosso objetivo \u00e9 tornar cada viagem em nosso pa\u00eds n\u00e3o apenas f\u00e9rias perfeitas, mas tamb\u00e9m uma experi\u00eancia de vida enriquecedora que combina todos os elementos de divers\u00e3o, aventura segura, aprendizado e crescimento pessoal, promovendo uma maior compreens\u00e3o da natureza e humanidade.<\/p>\n<p>Procuramos fazer dela uma viagem de descoberta pessoal do mundo que nos rodeia e do interior.<\/p>\n<p>A Golden Crown Tours possui um departamento profissional de emiss\u00e3o de bilhetes que tem acesso total \u00e0s principais companhias a\u00e9reas listadas na Associa\u00e7\u00e3o Internacional de Transporte A\u00e9reo (IATA).<\/p>\n<p>A Golden Crown Tours tamb\u00e9m \u00e9 um membro ativo do Jordan Tourism Board (JTB) e da Jordan Society of Tourism and Travel Agents (JSTA).[\/vc_column_text][vc_empty_space height=&#8221;30px&#8221;][\/vc_column][vc_column width=&#8221;1\/2&#8243;][vc_row_inner][vc_column_inner width=&#8221;1\/2&#8243;]<div class='dt-sc-image-caption type9 ' ><div class='dt-sc-image-wrapper'><a target=\"_self\" href=\"\"><img width=\"1960\" height=\"1226\" src=\"https:\/\/goldencrowntours.com\/pr\/wp-content\/uploads\/2022\/10\/Amman-travel-alamy.jpg\" class=\"attachment-full\" alt=\"\" loading=\"lazy\" srcset=\"https:\/\/goldencrowntours.com\/pr\/wp-content\/uploads\/2022\/10\/Amman-travel-alamy.jpg 1960w, https:\/\/goldencrowntours.com\/pr\/wp-content\/uploads\/2022\/10\/Amman-travel-alamy-500x313.jpg 500w, https:\/\/goldencrowntours.com\/pr\/wp-content\/uploads\/2022\/10\/Amman-travel-alamy-300x188.jpg 300w, https:\/\/goldencrowntours.com\/pr\/wp-content\/uploads\/2022\/10\/Amman-travel-alamy-1024x641.jpg 1024w, https:\/\/goldencrowntours.com\/pr\/wp-content\/uploads\/2022\/10\/Amman-travel-alamy-1536x961.jpg 1536w\" sizes=\"(max-width: 1960px) 100vw, 1960px\" \/><\/a><div class=\"dt-sc-image-overlay\"><h3><\/h3><p><\/p><\/div><\/div><div class=\"dt-sc-image-content\" ><div class='dt-sc-image-title'><\/div><\/div><\/div><div class='dt-sc-image-caption type9 ' ><div class='dt-sc-image-wrapper'><a target=\"_self\" href=\"\"><img width=\"560\" height=\"460\" src=\"https:\/\/goldencrowntours.com\/pr\/wp-content\/uploads\/2022\/10\/36781616936_78ccfdc5ab_b-1024x768-1-560x460-Copy.jpg\" class=\"attachment-full\" alt=\"\" loading=\"lazy\" srcset=\"https:\/\/goldencrowntours.com\/pr\/wp-content\/uploads\/2022\/10\/36781616936_78ccfdc5ab_b-1024x768-1-560x460-Copy.jpg 560w, https:\/\/goldencrowntours.com\/pr\/wp-content\/uploads\/2022\/10\/36781616936_78ccfdc5ab_b-1024x768-1-560x460-Copy-300x246.jpg 300w, https:\/\/goldencrowntours.com\/pr\/wp-content\/uploads\/2022\/10\/36781616936_78ccfdc5ab_b-1024x768-1-560x460-Copy-500x411.jpg 500w\" sizes=\"(max-width: 560px) 100vw, 560px\" \/><\/a><div class=\"dt-sc-image-overlay\"><h3><\/h3><p><\/p><\/div><\/div><div class=\"dt-sc-image-content\" ><div class='dt-sc-image-title'><\/div><\/div><\/div>[\/vc_column_inner][vc_column_inner width=&#8221;1\/2&#8243; css=&#8221;.vc_custom_1666100337564{padding-top: 25px !important;}&#8221;]<div class='dt-sc-image-caption type9 ' ><div class='dt-sc-image-wrapper'><a target=\"_self\" href=\"\"><img width=\"560\" height=\"460\" src=\"https:\/\/goldencrowntours.com\/pr\/wp-content\/uploads\/2022\/10\/Amman-Jordan-sunset-over-Roman-Ruins-560x460-Copy.jpg\" class=\"attachment-full\" alt=\"\" loading=\"lazy\" srcset=\"https:\/\/goldencrowntours.com\/pr\/wp-content\/uploads\/2022\/10\/Amman-Jordan-sunset-over-Roman-Ruins-560x460-Copy.jpg 560w, https:\/\/goldencrowntours.com\/pr\/wp-content\/uploads\/2022\/10\/Amman-Jordan-sunset-over-Roman-Ruins-560x460-Copy-300x246.jpg 300w, https:\/\/goldencrowntours.com\/pr\/wp-content\/uploads\/2022\/10\/Amman-Jordan-sunset-over-Roman-Ruins-560x460-Copy-500x411.jpg 500w\" sizes=\"(max-width: 560px) 100vw, 560px\" \/><\/a><div class=\"dt-sc-image-overlay\"><h3><\/h3><p><\/p><\/div><\/div><div class=\"dt-sc-image-content\" ><div class='dt-sc-image-title'><\/div><\/div><\/div><div class='dt-sc-image-caption type9 ' ><div class='dt-sc-image-wrapper'><a target=\"_self\" href=\"\"><img width=\"560\" height=\"460\" src=\"https:\/\/goldencrowntours.com\/pr\/wp-content\/uploads\/2022\/10\/636572483545557334-560x460-Copy.png\" class=\"attachment-full\" alt=\"\" loading=\"lazy\" srcset=\"https:\/\/goldencrowntours.com\/pr\/wp-content\/uploads\/2022\/10\/636572483545557334-560x460-Copy.png 560w, https:\/\/goldencrowntours.com\/pr\/wp-content\/uploads\/2022\/10\/636572483545557334-560x460-Copy-300x246.png 300w, https:\/\/goldencrowntours.com\/pr\/wp-content\/uploads\/2022\/10\/636572483545557334-560x460-Copy-500x411.png 500w\" sizes=\"(max-width: 560px) 100vw, 560px\" \/><\/a><div class=\"dt-sc-image-overlay\"><h3><\/h3><p><\/p><\/div><\/div><div class=\"dt-sc-image-content\" ><div class='dt-sc-image-title'><\/div><\/div><\/div>[\/vc_column_inner][\/vc_row_inner][\/vc_column][\/vc_row][vc_row full_width=&#8221;stretch_row_content_no_spaces&#8221; css=&#8221;.vc_custom_1672322393031{margin-bottom: 0px !important;}&#8221;][vc_column][vc_row_inner][vc_column_inner width=&#8221;1\/3&#8243; css=&#8221;.vc_custom_1672322464700{margin-bottom: 0px !important;padding-bottom: 0px !important;}&#8221;][vc_raw_html css=&#8221;.vc_custom_1705999134343{margin-bottom: 0px !important;padding-bottom: 0px !important;}&#8221;]JTNDaWZyYW1lJTIwd2lkdGglM0QlMjI1NjAlMjIlMjBoZWlnaHQlM0QlMjI1NTAlMjIlMjBzcmMlM0QlMjJodHRwcyUzQSUyRiUyRnd3dy55b3V0dWJlLmNvbSUyRmVtYmVkJTJGR2xTSldaQUtCdWslMjIlMjB0aXRsZSUzRCUyMllvdVR1YmUlMjB2aWRlbyUyMHBsYXllciUyMiUyMGZyYW1lYm9yZGVyJTNEJTIyMCUyMiUyMGFsbG93JTNEJTIyYWNjZWxlcm9tZXRlciUzQiUyMGF1dG9wbGF5JTNCJTIwY2xpcGJvYXJkLXdyaXRlJTNCJTIwZW5jcnlwdGVkLW1lZGlhJTNCJTIwZ3lyb3Njb3BlJTNCJTIwcGljdHVyZS1pbi1waWN0dXJlJTIyJTIwYWxsb3dmdWxsc2NyZWVuJTNFJTNDJTJGaWZyYW1lJTNF[\/vc_raw_html][\/vc_column_inner][vc_column_inner width=&#8221;1\/3&#8243; css=&#8221;.vc_custom_1672322494694{margin-bottom: 0px !important;padding-bottom: 0px !important;}&#8221;][vc_raw_html css=&#8221;.vc_custom_1672322501948{margin-bottom: 0px !important;padding-bottom: 0px !important;}&#8221;]JTNDaW1nJTIwaWQlM0QlMjJydGdfaW1hZ2Vfc3dpdGNoXzElMjIlMjBjbGFzcyUzRCUyMnJ0Z19jb2wzJTIwcnRnX2Zsb2F0X25vbmUlMjBsYXp5JTIyJTIwc3R5bGUlM0QlMjJkaXNwbGF5JTNBJTIwYmxvY2slM0IlMjB6LWluZGV4JTNBJTIwMTAlM0IlMjBoZWlnaHQlM0ElMjA1NTBweCUzQiUyMiUyMHVzZW1hcCUzRCUyMiUyM3VrdV9tZ19yb3V0ZW1hcCUyMiUyMHNyYyUzRCUyMmh0dHBzJTNBJTJGJTJGd3d3LnJlc3BvbnNpYmxldHJhdmVsLmNvbSUyRkltYWdlc0NsaWVudCUyRmpvcmRhbi13aGVyZS1tYXBVUERBVEVELmpwZyUyMiUzRQ==[\/vc_raw_html][\/vc_column_inner][vc_column_inner width=&#8221;1\/3&#8243;]<div class='dt-sc-image-caption type6 ' style=\"background:url(https:\/\/goldencrowntours.com\/pr\/wp-content\/uploads\/2023\/01\/New-Project.png);\"><div class=\"dt-sc-color-overlay\" ><\/div><div class=\"dt-sc-image-content\" ><div class='dt-sc-image-title'><h6>Golden Crown<\/h6><h3>TRANSPORTE<\/h3><\/div>Golden Crown Tours oferece todos os tipos de servi\u00e7os de transporte.\nTodos os nossos ve\u00edculos s\u00e3o novos e equipados com todos os recursos de seguran\u00e7a, ar condicionado e motorista que fala ingl\u00eas.<\/div><\/div>[\/vc_column_inner][\/vc_row_inner][\/vc_column][\/vc_row][vc_row full_width=&#8221;stretch_row&#8221; css_animation=&#8221;fadeInUp&#8221; css=&#8221;.vc_custom_1673767254199{margin-top: -8px !important;padding-top: 100px !important;padding-bottom: 50px !important;background-image: url(https:\/\/goldencrowntours.com\/wp-content\/uploads\/2022\/11\/5e3dbc1c-b266-428e-9e53-4b4027643b8a.jpg?id=11318) !important;background-position: center !important;background-repeat: no-repeat !important;background-size: cover !important;}&#8221;][vc_column][vc_row_inner][vc_column_inner width=&#8221;2\/3&#8243;][\/vc_column_inner][vc_column_inner width=&#8221;1\/3&#8243;][vc_column_text]<script src=\"https:\/\/apps.elfsight.com\/p\/platform.js\" defer><\/script><\/p>\n<div class=\"elfsight-app-ce78cb31-c584-4a02-812e-1d9fad96ca01\"><\/div>\n<p>[\/vc_column_text][\/vc_column_inner][\/vc_row_inner][\/vc_column][\/vc_row][vc_row full_width=&#8221;stretch_row&#8221; css_animation=&#8221;fadeInUp&#8221; css=&#8221;.vc_custom_1666095435108{padding-top: 150px !important;padding-bottom: 150px !important;background-image: url(https:\/\/goldencrowntours.com\/wp-content\/uploads\/2022\/10\/636572483545557334.png?id=10618) !important;background-position: center !important;background-repeat: no-repeat !important;background-size: cover !important;}&#8221;][vc_column][vc_row_inner][vc_column_inner el_class=&#8221;dt-sc-dark-bg&#8221; width=&#8221;7\/12&#8243; css=&#8221;.vc_custom_1481091992218{padding-top: 30px !important;padding-right: 7% !important;padding-bottom: 30px !important;padding-left: 7% !important;background-color: rgba(72,59,51,0.95) !important;*background-color: rgb(72,59,51) !important;}&#8221;]<div class='dt-sc-section-title type2 alignleft  with-separator '><p>Golden Crown<\/p><h2><span>Entre em contato conosco e pergunte sobre sua viagem<\/span> <\/h2><\/div><div class='dt-sc-contact-info type2 '><span class='lnr lnr-phone'> <\/span><h6>Ligue para n\u00f3s agora<\/h6>00962796513000<\/div><div class='dt-sc-hr-invisible-small '> <\/div><a href='#' target='_self' title='' class='dt-sc-button   medium icon-right with-icon  darkgolden filled  type2' > ou converse conosco <\/a><div class='dt-sc-hr-invisible-xsmall '> <\/div>[\/vc_column_inner][vc_column_inner width=&#8221;5\/12&#8243;][\/vc_column_inner][\/vc_row_inner][\/vc_column][\/vc_row][vc_row full_width=&#8221;stretch_row&#8221; css_animation=&#8221;fadeInUp&#8221; css=&#8221;.vc_custom_1672648081189{padding-top: 100px !important;padding-bottom: 0px !important;background-position: center !important;background-repeat: no-repeat !important;background-size: cover !important;}&#8221;][vc_column][vc_row_inner][vc_column_inner el_class=&#8221;dt-sc-dark-bg&#8221; width=&#8221;7\/12&#8243; css=&#8221;.vc_custom_1481091992218{padding-top: 30px !important;padding-right: 7% !important;padding-bottom: 30px !important;padding-left: 7% !important;background-color: rgba(72,59,51,0.95) !important;*background-color: rgb(72,59,51) !important;}&#8221;][vc_column_text]<\/p>\n<blockquote>\n<div  class=\"cbcurrencyconverter_cal_wrapper cbcurrencyconverter_cal_wrappershortcode\"><h3 class=\"cbcurrencyconverter_heading\">Calculadora de Moeda<\/h3><div  class=\"cbcurrencyconverter_result cbcurrencyconverter_result_shortcode\"><\/div><div class=\"cbcurrencyconverter_form_fields\">\r\n                                            <span  class=\"cbcurrencyconverter_label\">Amount<\/span><input type=\"number\" step=\"any\" class = \"cbcurrencyconverter_cal_amount cbcurrencyconverter_cal_amount_shortcode\" value =\"1\"\/>\r\n                                       <\/div><div class=\"cbcurrencyconverter_form_fields\">\r\n                                            <span  class=\"cbcurrencyconverter_label\">From :<\/span><select class = \"cbcurrencyconverter_cal_from cbcurrencyconverter_cal_from_shortcode\"><option value=\"USD\">Select a currency<\/option><option  value=\"AUD\">Australia Dollar(AUD)<\/option><option  value=\"CAD\">Canada Dollar(CAD)<\/option><option  value=\"GBP\">United Kingdom Pound(GBP)<\/option><option  selected='selected' value=\"USD\">United States Dollar(USD)<\/option><\/select>\r\n                                    <\/div><div class=\"cbcurrencyconverter_form_fields\">\r\n                                            <span class=\"cbcurrencyconverter_label\">To :<\/span><select class = \"cbcurrencyconverter_cal_to cbcurrencyconverter_cal_to_shortcode\"><option value=\"CAD\">Select a currency<\/option><option   value=\"AUD\">Australia Dollar(AUD)<\/option><option  selected='selected'  value=\"CAD\">Canada Dollar(CAD)<\/option><option   value=\"GBP\">United Kingdom Pound(GBP)<\/option><option   value=\"USD\">United States Dollar(USD)<\/option><\/select><\/div><div class = \"cbconverter_result_wrapper_shortcode\"><button class=\"button btn btn-primary cbcurrencyconverter_calculate\" data-decimalpoint=\"2\" data-busy = \"0\" data-ref = \"shortcode\" data-nonce=\"52a764eaf2\">Convert<\/button><\/div><\/div>\n<\/blockquote>\n<p>[\/vc_column_text][\/vc_column_inner][vc_column_inner width=&#8221;5\/12&#8243;][vc_single_image image=&#8221;10627&#8243; img_size=&#8221;full&#8221; css=&#8221;.vc_custom_1666097100708{margin-top: -20px !important;margin-left: -50px !important;}&#8221;][\/vc_column_inner][\/vc_row_inner][\/vc_column][\/vc_row][vc_row][vc_column][vc_column_text]<\/p>\n<h2 style=\"text-align: center;\">Membros afiliados<\/h2>\n<div class=\"wondercarousellightbox_options\" data-skinsfoldername=\"\"  data-jsfolder=\"https:\/\/goldencrowntours.com\/pr\/wp-content\/plugins\/wonderplugin-carousel-trial\/engine\/\" style=\"display:none;\"><\/div>\r\n<div class=\"wonderplugincarousel-container\" id=\"wonderplugincarousel-container-1\" style=\"padding: 0px 0px 30px 0px;\"><div class=\"wonderplugincarousel\" id=\"wonderplugincarousel-1\" data-carouselid=\"1\" data-width=\"280\" data-height=\"210\" data-skin=\"classic\" data-donotzoomin=\"false\" data-addpreloading=\"false\" data-multiplebyrow=\"false\" data-showimgtitle=\"false\" data-sameheight=\"false\" data-sameheightresponsive=\"false\" data-fullwidth=\"false\" data-centerimage=\"true\" data-fitimage=\"true\" data-fitcenterimage=\"true\" data-fixaspectratio=\"false\" data-autoplay=\"true\" data-random=\"false\" data-circular=\"true\" data-pauseonmouseover=\"true\" data-continuous=\"false\" data-responsive=\"true\" data-showhoveroverlay=\"false\" data-showhoveroverlayalways=\"false\" data-hidehoveroverlayontouch=\"false\" data-lightboxresponsive=\"true\" data-lightboxshownavigation=\"false\" data-lightboxnogroup=\"false\" data-lightboxshowtitle=\"true\" data-lightboxshowdescription=\"false\" data-lightboxaddsocialmedia=\"false\" data-usescreenquery=\"false\" data-donotinit=\"false\" data-addinitscript=\"false\" data-doshortcodeontext=\"false\" data-lightboxshowsocial=\"false\" data-lightboxshowemail=\"true\" data-lightboxshowfacebook=\"true\" data-lightboxshowtwitter=\"true\" data-lightboxshowpinterest=\"true\" data-lightboxsocialrotateeffect=\"true\" data-donotcircularforless=\"false\" data-deferloading=\"false\" data-enablelazyload=\"false\" data-usebase64=\"true\" data-limitvisibleitemstolength=\"true\" data-hidearrowsandbulletsforonepage=\"true\" data-showfirstlasthalf=\"false\" data-verticalflexheight=\"false\" data-hidebulletssmallscreen=\"false\" data-removeinlinecss=\"true\" data-lightboxinityoutube=\"true\" data-lightboxinitvimeo=\"true\" data-disablecache=\"false\" data-hidecontainerbeforeloaded=\"false\" data-hidecontaineroninit=\"true\" data-lightboximagekeepratio=\"true\" data-showplayvideo=\"true\" data-triggerresize=\"false\" data-lightboxfullscreenmode=\"false\" data-lightboxcloseonoverlay=\"true\" data-lightboxvideohidecontrols=\"false\" data-lightboxautoslide=\"false\" data-lightboxshowtimer=\"true\" data-lightboxshowplaybutton=\"false\" data-lightboxalwaysshownavarrows=\"false\" data-lightboxshowtitleprefix=\"false\" data-preloadingimage=\"loading-0.gif\" data-spacing=\"18\" data-rownumber=\"1\" data-visibleitems=\"3\" data-arrowstyle=\"always\" data-arrowimage=\"arrows-32-32-2.png\" data-arrowwidth=\"32\" data-arrowheight=\"32\" data-navstyle=\"none\" data-navimage=\"bullet-16-16-0.png\" data-navwidth=\"16\" data-navheight=\"16\" data-navspacing=\"8\" data-hoveroverlayimage=\"hoveroverlay-64-64-3.png\" data-lightboxthumbwidth=\"90\" data-lightboxthumbheight=\"60\" data-lightboxthumbtopmargin=\"12\" data-lightboxthumbbottommargin=\"4\" data-lightboxbarheight=\"64\" data-lightboxtitlebottomcss=\"{color:#333; font-size:14px; font-family:Armata,sans-serif,Arial; overflow:hidden; text-align:left;}\" data-lightboxdescriptionbottomcss=\"{color:#333; font-size:12px; font-family:Arial,Helvetica,sans-serif; overflow:hidden; text-align:left; margin:4px 0px 0px; padding: 0px;}\" data-continuousduration=\"5000\" data-autoplaydir=\"left\" data-scrollmode=\"page\" data-interval=\"3000\" data-transitionduration=\"1000\" data-lightboxtitlestyle=\"bottom\" data-lightboximagepercentage=\"75\" data-lightboxdefaultvideovolume=\"1\" data-lightboxoverlaybgcolor=\"#000\" data-lightboxoverlayopacity=\"0.9\" data-lightboxbgcolor=\"#fff\" data-lightboxtitleprefix=\"%NUM \/ %TOTAL\" data-lightboxtitleinsidecss=\"color:#fff; font-size:16px; font-family:Arial,Helvetica,sans-serif; overflow:hidden; text-align:left;\" data-lightboxdescriptioninsidecss=\"color:#fff; font-size:12px; font-family:Arial,Helvetica,sans-serif; overflow:hidden; text-align:left; margin:4px 0px 0px; padding: 0px;\" data-playvideoimage=\"playvideo-64-64-0.png\" data-playvideoimagepos=\"center\" data-imgtitle=\"title\" data-circularlimit=\"3\" data-deferloadingdelay=\"0\" data-firstlasthalfsmallscreen=\"640\" data-hidebulletssmallscreensize=\"480\" data-movemode=\"carousel\" data-moveduration=\"500\" data-ga4account=\"\" data-googleanalyticsaccount=\"\" data-lightboxsocialposition=\"position:absolute;top:100%;right:0;\" data-lightboxsocialpositionsmallscreen=\"position:absolute;top:100%;right:0;left:0;\" data-lightboxsocialdirection=\"horizontal\" data-lightboxsocialbuttonsize=\"32\" data-lightboxsocialbuttonfontsize=\"18\" data-sameheightmediumscreen=\"769\" data-sameheightmediumheight=\"200\" data-sameheightsmallscreen=\"415\" data-sameheightsmallheight=\"150\" data-triggerresizedelay=\"100\" data-lightboxslideinterval=\"5000\" data-lightboxtimerposition=\"bottom\" data-lightboxtimercolor=\"#dc572e\" data-lightboxtimeropacity=\"1\" data-lightboxbordersize=\"8\" data-lightboxborderradius=\"0\" data-screenquery='{ \"tablet\": { \"screenwidth\": 800, \"visibleitems\": 2 }, \"mobile\": { \"screenwidth\": 480, \"visibleitems\": 1 } }' data-jsfolder=\"https:\/\/goldencrowntours.com\/pr\/wp-content\/plugins\/wonderplugin-carousel-trial\/engine\/\" style=\"display:none;position:relative;margin:0 auto;width:100%;max-width:840px;\" ><div class=\"amazingcarousel-list-container\" style=\"overflow:hidden;\"><ul class=\"amazingcarousel-list\"><li class=\"amazingcarousel-item\"><div class=\"amazingcarousel-item-container\"><div class=\"amazingcarousel-image\"><a href=\"https:\/\/portal.jordan.gov.jo\/wps\/portal\/Home\/GovernmentEntities\/Agencies\/Agency\/Jordan%20Tourism%20Board?nameEntity=Jordan%20Tourism%20Board&amp;entityType=otherEntity\"><img class=\"amazingcarousel-image-img\" src=\"https:\/\/goldencrowntours.com\/wp-content\/uploads\/2022\/10\/2fa1bd4462d9d.jpg\" alt=\"2fa1bd4462d9d\" data-description=\"\" \/><\/a><\/div><\/div><\/li><li class=\"amazingcarousel-item\"><div class=\"amazingcarousel-item-container\"><div class=\"amazingcarousel-image\"><a href=\"https:\/\/www.iata.org\/\"><img class=\"amazingcarousel-image-img\" src=\"https:\/\/goldencrowntours.com\/wp-content\/uploads\/2022\/10\/1200px-IATAlogo.svg_.png\" alt=\"1200px-IATAlogo.svg_\" data-description=\"\" \/><\/a><\/div><\/div><\/li><li class=\"amazingcarousel-item\"><div class=\"amazingcarousel-item-container\"><div class=\"amazingcarousel-image\"><a href=\"https:\/\/www.mota.gov.jo\/Default\/Ar\"><img class=\"amazingcarousel-image-img\" src=\"https:\/\/goldencrowntours.com\/wp-content\/uploads\/2022\/10\/BlueA1.jpg\" alt=\"BlueA1\" data-description=\"\" \/><\/a><\/div><\/div><\/li><li class=\"amazingcarousel-item\"><div class=\"amazingcarousel-item-container\"><div class=\"amazingcarousel-image\"><a href=\"https:\/\/www.jsta.org.jo\/Default\/Ar\"><img class=\"amazingcarousel-image-img\" src=\"https:\/\/goldencrowntours.com\/wp-content\/uploads\/2022\/10\/download.png\" alt=\"download\" data-description=\"\" \/><\/a><\/div><\/div><\/li><li class=\"amazingcarousel-item\"><div class=\"amazingcarousel-item-container\"><div class=\"amazingcarousel-image\"><a href=\"https:\/\/jhrc.jo\/\"><img class=\"amazingcarousel-image-img\" src=\"https:\/\/goldencrowntours.com\/pr\/wp-content\/uploads\/2023\/06\/jhrc-logo-svg.png\" alt=\"jhrc-logo-svg\" data-description=\"\" \/><\/a><\/div><\/div><\/li><li class=\"amazingcarousel-item\"><div class=\"amazingcarousel-item-container\"><div class=\"amazingcarousel-image\"><a href=\"https:\/\/www.nahno.org\/\"><img class=\"amazingcarousel-image-img\" src=\"https:\/\/goldencrowntours.com\/pr\/wp-content\/uploads\/2023\/06\/logo.png\" alt=\"logo\" data-description=\"\" \/><\/a><\/div><\/div><\/li><li class=\"amazingcarousel-item\"><div class=\"amazingcarousel-item-container\"><div class=\"amazingcarousel-image\"><a href=\"https:\/\/www.abmaritime.com.jo\/\"><img class=\"amazingcarousel-image-img\" src=\"https:\/\/goldencrowntours.com\/pr\/wp-content\/uploads\/2023\/06\/AB-Martime-logo22.png\" alt=\"AB-Martime-logo22\" data-description=\"\" \/><\/a><\/div><\/div><\/li><li class=\"amazingcarousel-item\"><div class=\"amazingcarousel-item-container\"><div class=\"amazingcarousel-image\"><a href=\"https:\/\/www.baptismsite.com\/\"><img class=\"amazingcarousel-image-img\" src=\"https:\/\/goldencrowntours.com\/pr\/wp-content\/uploads\/2024\/09\/commission-logo-menu-modified.jpg\" alt=\"commission-logo-menu-modified\" data-description=\"\" \/><\/a><\/div><\/div><\/li><li class=\"amazingcarousel-item\"><div class=\"amazingcarousel-item-container\"><div class=\"amazingcarousel-image\"><a href=\"https:\/\/www.holylandjordan.com\/en\"><img class=\"amazingcarousel-image-img\" src=\"https:\/\/goldencrowntours.com\/pr\/wp-content\/uploads\/2024\/09\/logo1.png\" alt=\"logo1\" data-description=\"\" \/><\/a><\/div><\/div><\/li><\/ul><div class=\"amazingcarousel-prev\"><\/div><div class=\"amazingcarousel-next\"><\/div><\/div><div class=\"amazingcarousel-nav\"><\/div><div class=\"wonderplugin-engine\"><a href=\"http:\/\/www.wonderplugin.com\/wordpress-carousel\/\" title=\"Responsive WordPress Carousel\">Responsive WordPress Carousel<\/a><\/div><\/div><\/div><script>function wondercarousel_1_appendcss(csscode) {var head=document.head || document.getElementsByTagName(\"head\")[0];var style=document.createElement(\"style\");head.appendChild(style);style.type=\"text\/css\";if (style.styleSheet){style.styleSheet.cssText=csscode;} else {style.appendChild(document.createTextNode(csscode));}};wondercarousel_1_appendcss(\"#wonderplugincarousel-1 .amazingcarousel-image {\t \tposition: relative; \tpadding: 4px; }  #wonderplugincarousel-1 .amazingcarousel-image img { \tdisplay: block; \twidth: 100%; \tmax-width: 100%; \tborder: 0; \tmargin: 0; \tpadding: 0; \t-moz-border-radius: 0px; \t-webkit-border-radius: 0px; \tborder-radius: 0px;  }  #wonderplugincarousel-1 .amazingcarousel-title { \tposition:relative; \tfont:14px Open Sans, sans-serif; \tcolor:#333333; \tmargin:6px; \ttext-align:center; \ttext-shadow:0px 1px 1px #fff; }  #wonderplugincarousel-1 .amazingcarousel-list-container {  \tpadding: 16px 0; }  #wonderplugincarousel-1 .amazingcarousel-item-container { \ttext-align: center; \tpadding: 4px; \tbackground-color: #fff; \tborder: 1px solid #ddd;  }  #wonderplugincarousel-1 .amazingcarousel-prev { \tleft: 0%; \ttop: 50%; \tmargin-left: -48px; \tmargin-top: -16px; }  #wonderplugincarousel-1 .amazingcarousel-next { \tright: 0%; \ttop: 50%; \tmargin-right: -48px; \tmargin-top: -16px; }  #wonderplugincarousel-1 .amazingcarousel-nav { \tposition: absolute; \twidth: 100%; \ttop: 100%; }  #wonderplugincarousel-1 .amazingcarousel-bullet-wrapper { \tmargin: 4px auto; }  .amazingcarousel-socialmedia-button { \tdisplay: inline-block; \tmargin: 4px; }  .amazingcarousel-socialmedia-button a { \tbox-shadow: none; }  .amazingcarousel-socialmedia-icon { \tdisplay:table-cell; \twidth:32px; \theight:32px; \tfont-size:18px; \tborder-radius:50%; \tcolor:#fff; \tvertical-align:middle; \ttext-align:center; \tcursor:pointer; \tpadding:0; }  .amazingcarousel-socialmedia-rotate { \ttransition: transform .4s ease-in;  }   .amazingcarousel-socialmedia-rotate:hover {  \ttransform: rotate(360deg);  } #wonderplugincarousel-1 .star-rating { \tdisplay: inline-block; }\");<\/script>[\/vc_column_text][\/vc_column][\/vc_row]<\/p>\n","protected":false},"excerpt":{"rendered":"<p>[vc_row css=&#8221;.vc_custom_1483334570779{padding-top: 100px !important;padding-bottom: 70px !important;}&#8221;][vc_column width=&#8221;1\/2&#8243;][vc_column_text]Muitas felicidades da terra de paz e amor, Jordan. Estamos muito felizes em nos apresentar a voc\u00ea como Golden Crown Tours. A Golden Crown Tours foi fundada em 02 de junho de 1996 pelo Sr. Salem Salim Odeh, ap\u00f3s servir 25 anos na Royal Jordanian Airlines. Cria\u00e7\u00e3o de um [&hellip;]<\/p>\n","protected":false},"author":1,"featured_media":0,"parent":0,"menu_order":0,"comment_status":"closed","ping_status":"closed","template":"","meta":{"_joinchat":[]},"_links":{"self":[{"href":"https:\/\/goldencrowntours.com\/pr\/wp-json\/wp\/v2\/pages\/7467"}],"collection":[{"href":"https:\/\/goldencrowntours.com\/pr\/wp-json\/wp\/v2\/pages"}],"about":[{"href":"https:\/\/goldencrowntours.com\/pr\/wp-json\/wp\/v2\/types\/page"}],"author":[{"embeddable":true,"href":"https:\/\/goldencrowntours.com\/pr\/wp-json\/wp\/v2\/users\/1"}],"replies":[{"embeddable":true,"href":"https:\/\/goldencrowntours.com\/pr\/wp-json\/wp\/v2\/comments?post=7467"}],"version-history":[{"count":71,"href":"https:\/\/goldencrowntours.com\/pr\/wp-json\/wp\/v2\/pages\/7467\/revisions"}],"predecessor-version":[{"id":11702,"href":"https:\/\/goldencrowntours.com\/pr\/wp-json\/wp\/v2\/pages\/7467\/revisions\/11702"}],"wp:attachment":[{"href":"https:\/\/goldencrowntours.com\/pr\/wp-json\/wp\/v2\/media?parent=7467"}],"curies":[{"name":"wp","href":"https:\/\/api.w.org\/{rel}","templated":true}]}}