{"id":11274,"date":"2022-11-17T08:13:32","date_gmt":"2022-11-17T08:13:32","guid":{"rendered":"https:\/\/goldencrowntours.com\/?page_id=11274"},"modified":"2023-02-21T11:41:41","modified_gmt":"2023-02-21T11:41:41","slug":"mount-nebo","status":"publish","type":"page","link":"https:\/\/goldencrowntours.com\/pr\/mount-nebo\/","title":{"rendered":"Mount Nebo"},"content":{"rendered":"<p>[vc_row][vc_column][vc_single_image image=&#8221;11287&#8243; img_size=&#8221;full&#8221; alignment=&#8221;center&#8221;][\/vc_column][\/vc_row][vc_row][vc_column][vc_empty_space][\/vc_column][\/vc_row][vc_row equal_height=&#8221;yes&#8221;][vc_column width=&#8221;2\/3&#8243;]<div class='dt-sc-section-title alignleft  vc_custom_1668677094291'><h2><span><\/span> Mount Nebo<\/h2><p><\/p><\/div><div class='dt-sc-clear '> <\/div>[vc_custom_heading text=&#8221;O Monte Nebo \u00e9 mais conhecido por ser o local onde Mois\u00e9s olhou para a Terra Santa, mas n\u00e3o entrou nela e onde uma igreja e um mosteiro foram constru\u00eddos para homenage\u00e1-lo. O livro de N\u00fameros (33:47) menciona que quando os filhos de Israel se mudaram de Almon Diblathaim eles acamparam nas montanhas de Abarim, antes de Nebo, e que os filhos de R\u00faben reconstru\u00edram a cidade (N\u00fameros 32:38).<\/p>\n<p>A cidade ficou com os moabitas, segundo Isa\u00edas: \u201cMoabe lamentar\u00e1 Nebo e Medeba; sobre todas as suas cabe\u00e7as haver\u00e1 calva, e toda barba cortada\u201d (Isa\u00edas 15:2-3). O profeta Jeremias (48:1) disse sobre Nebo: \u201cAssim diz o Senhor dos Ex\u00e9rcitos, o Deus de Israel: Ai de Nebo! Pois est\u00e1 saqueado.\u201d<\/p>\n<p>O Profeta Mois\u00e9s \u201csubiu das plan\u00edcies de Moabe ao cume de Pisga, que fica em frente a Jeric\u00f3. E o Senhor mostrou-lhe toda a terra&#8230;\u201d mas disse-lhe: \u201cn\u00e3o passar\u00e1s por l\u00e1\u201d. (Deuteron\u00f4mio 34:1-4). \u201cAssim morreu Mois\u00e9s, servo do Senhor, ali na terra de Moabe, conforme a palavra do Senhor, e o sepultou no vale, na terra de Moabe, defronte de Bete-Peor; mas ningu\u00e9m sabe o local de seu enterro at\u00e9 hoje. (Deuteron\u00f4mio 34:5-6).<\/p>\n<p>No s\u00e9culo IV, tr\u00eas edif\u00edcios abobadados foram erguidos no lugar do atual altar. O local costumava ter uma passagem escondida que continha sepulturas decoradas com mosaicos. Em ambos os lados do local havia duas pequenas igrejas para realizar as ora\u00e7\u00f5es f\u00fanebres. O batist\u00e9rio, que fica na parte norte do local, \u00e9 decorado com mosaicos, enquanto o piso da parte sul \u00e9 decorado com uma grande cruz.&#8221; font_container=&#8221;tag:p|text_align:left&#8221; use_theme_fonts=&#8221;yes&#8221;]<div class='dt-sc-hr-invisible-small '> <\/div>[\/vc_column][vc_column width=&#8221;1\/3&#8243; css=&#8221;.vc_custom_1668677080361{background-image: url(https:\/\/goldencrowntours.com\/wp-content\/uploads\/2022\/11\/89b814cc-e2fb-4e8f-bb65-16a66589e94d.jpg?id=11287) !important;background-position: center !important;background-repeat: no-repeat !important;background-size: cover !important;}&#8221; addstyles=&#8221;min-height: 400px;&#8221;][\/vc_column][\/vc_row][vc_row][vc_column][vc_empty_space][\/vc_column][\/vc_row]<\/p>\n","protected":false},"excerpt":{"rendered":"<p>[vc_row][vc_column][vc_single_image image=&#8221;11287&#8243; img_size=&#8221;full&#8221; alignment=&#8221;center&#8221;][\/vc_column][\/vc_row][vc_row][vc_column][vc_empty_space][\/vc_column][\/vc_row][vc_row equal_height=&#8221;yes&#8221;][vc_column width=&#8221;2\/3&#8243;][vc_custom_heading text=&#8221;O Monte Nebo \u00e9 mais conhecido por ser o local onde Mois\u00e9s olhou para a Terra Santa, mas n\u00e3o entrou nela e onde uma igreja e um mosteiro foram constru\u00eddos para homenage\u00e1-lo. O livro de N\u00fameros (33:47) menciona que quando os filhos de Israel se mudaram de Almon Diblathaim [&hellip;]<\/p>\n","protected":false},"author":1,"featured_media":0,"parent":0,"menu_order":0,"comment_status":"closed","ping_status":"closed","template":"","meta":{"_joinchat":[]},"_links":{"self":[{"href":"https:\/\/goldencrowntours.com\/pr\/wp-json\/wp\/v2\/pages\/11274"}],"collection":[{"href":"https:\/\/goldencrowntours.com\/pr\/wp-json\/wp\/v2\/pages"}],"about":[{"href":"https:\/\/goldencrowntours.com\/pr\/wp-json\/wp\/v2\/types\/page"}],"author":[{"embeddable":true,"href":"https:\/\/goldencrowntours.com\/pr\/wp-json\/wp\/v2\/users\/1"}],"replies":[{"embeddable":true,"href":"https:\/\/goldencrowntours.com\/pr\/wp-json\/wp\/v2\/comments?post=11274"}],"version-history":[{"count":5,"href":"https:\/\/goldencrowntours.com\/pr\/wp-json\/wp\/v2\/pages\/11274\/revisions"}],"predecessor-version":[{"id":11688,"href":"https:\/\/goldencrowntours.com\/pr\/wp-json\/wp\/v2\/pages\/11274\/revisions\/11688"}],"wp:attachment":[{"href":"https:\/\/goldencrowntours.com\/pr\/wp-json\/wp\/v2\/media?parent=11274"}],"curies":[{"name":"wp","href":"https:\/\/api.w.org\/{rel}","templated":true}]}}