{"id":11272,"date":"2022-11-17T08:12:49","date_gmt":"2022-11-17T08:12:49","guid":{"rendered":"https:\/\/goldencrowntours.com\/?page_id=11272"},"modified":"2023-02-21T11:37:12","modified_gmt":"2023-02-21T11:37:12","slug":"mukawir","status":"publish","type":"page","link":"https:\/\/goldencrowntours.com\/pr\/mukawir\/","title":{"rendered":"Mukawir"},"content":{"rendered":"<p>[vc_row][vc_column][vc_single_image image=&#8221;11293&#8243; img_size=&#8221;full&#8221; alignment=&#8221;center&#8221;][\/vc_column][\/vc_row][vc_row][vc_column][vc_empty_space][\/vc_column][\/vc_row][vc_row equal_height=&#8221;yes&#8221;][vc_column width=&#8221;2\/3&#8243;]<div class='dt-sc-section-title alignleft  vc_custom_1668677253962'><h2><span><\/span> Mukawir<\/h2><p><\/p><\/div><div class='dt-sc-clear '> <\/div>[vc_custom_heading text=&#8221;O historiador judeu romano do s\u00e9culo I dC, Josefo, identificou o local inspirador de Machaerus (atual Mukawir) como o pal\u00e1cio-fortaleza de Herodes Antipas, o governante regional nomeado pelos romanos durante a vida de Jesus Cristo. Foi aqui, neste pal\u00e1cio fortificado no topo de uma colina com vista para a regi\u00e3o do Mar Morto e as colinas distantes da Palestina e Israel que Herodes prendeu e decapitou Jo\u00e3o Batista. Ele foi decapitado ap\u00f3s a fat\u00eddica dan\u00e7a de Salom\u00e9. (Mateus 14:3-11)<\/p>\n<p>Em uma noite clara, voc\u00ea pode ver facilmente as luzes de Al-Quds (Jerusal\u00e9m) e Ariha (Jericho). Longe do circuito tur\u00edstico, a tranquilidade desta zona transporta-nos para os tempos b\u00edblicos. De fato, pastores e seus rebanhos ainda encontram abrigo nas in\u00fameras cavernas e grutas ao redor de Machaerus. Caminhe em dire\u00e7\u00e3o ao Mar Morto de Machaerus e voc\u00ea realmente sentir\u00e1 que est\u00e1 no topo do mundo.&#8221; font_container=&#8221;tag:p|text_align:left&#8221; use_theme_fonts=&#8221;yes&#8221;]<div class='dt-sc-hr-invisible-small '> <\/div>[\/vc_column][vc_column width=&#8221;1\/3&#8243; css=&#8221;.vc_custom_1668677319364{background-image: url(https:\/\/goldencrowntours.com\/wp-content\/uploads\/2022\/11\/11871ff3-085e-49a1-bfed-6ba643f7c72b.jpg?id=11293) !important;background-position: center !important;background-repeat: no-repeat !important;background-size: cover !important;}&#8221; addstyles=&#8221;min-height: 400px;&#8221;][\/vc_column][\/vc_row][vc_row][vc_column][vc_empty_space][\/vc_column][\/vc_row]<\/p>\n","protected":false},"excerpt":{"rendered":"<p>[vc_row][vc_column][vc_single_image image=&#8221;11293&#8243; img_size=&#8221;full&#8221; alignment=&#8221;center&#8221;][\/vc_column][\/vc_row][vc_row][vc_column][vc_empty_space][\/vc_column][\/vc_row][vc_row equal_height=&#8221;yes&#8221;][vc_column width=&#8221;2\/3&#8243;][vc_custom_heading text=&#8221;O historiador judeu romano do s\u00e9culo I dC, Josefo, identificou o local inspirador de Machaerus (atual Mukawir) como o pal\u00e1cio-fortaleza de Herodes Antipas, o governante regional nomeado pelos romanos durante a vida de Jesus Cristo. Foi aqui, neste pal\u00e1cio fortificado no topo de uma colina com vista para a [&hellip;]<\/p>\n","protected":false},"author":1,"featured_media":0,"parent":0,"menu_order":0,"comment_status":"closed","ping_status":"closed","template":"","meta":{"_joinchat":[]},"_links":{"self":[{"href":"https:\/\/goldencrowntours.com\/pr\/wp-json\/wp\/v2\/pages\/11272"}],"collection":[{"href":"https:\/\/goldencrowntours.com\/pr\/wp-json\/wp\/v2\/pages"}],"about":[{"href":"https:\/\/goldencrowntours.com\/pr\/wp-json\/wp\/v2\/types\/page"}],"author":[{"embeddable":true,"href":"https:\/\/goldencrowntours.com\/pr\/wp-json\/wp\/v2\/users\/1"}],"replies":[{"embeddable":true,"href":"https:\/\/goldencrowntours.com\/pr\/wp-json\/wp\/v2\/comments?post=11272"}],"version-history":[{"count":5,"href":"https:\/\/goldencrowntours.com\/pr\/wp-json\/wp\/v2\/pages\/11272\/revisions"}],"predecessor-version":[{"id":11687,"href":"https:\/\/goldencrowntours.com\/pr\/wp-json\/wp\/v2\/pages\/11272\/revisions\/11687"}],"wp:attachment":[{"href":"https:\/\/goldencrowntours.com\/pr\/wp-json\/wp\/v2\/media?parent=11272"}],"curies":[{"name":"wp","href":"https:\/\/api.w.org\/{rel}","templated":true}]}}