{"id":10780,"date":"2022-11-15T11:19:41","date_gmt":"2022-11-15T11:19:41","guid":{"rendered":"https:\/\/goldencrowntours.com\/?page_id=10780"},"modified":"2023-02-20T11:29:47","modified_gmt":"2023-02-20T11:29:47","slug":"the-jordan-trail","status":"publish","type":"page","link":"https:\/\/goldencrowntours.com\/pr\/the-jordan-trail\/","title":{"rendered":"The Jordan Trail"},"content":{"rendered":"<p>[vc_row equal_height=&#8221;yes&#8221;][vc_column width=&#8221;2\/3&#8243;]<div class='dt-sc-section-title alignleft  vc_custom_1676896162199'><h2><span><\/span> A trilha do Jord\u00e3o<\/h2><p><\/p><\/div><div class='dt-sc-clear '> <\/div>[vc_custom_heading text=&#8221;A Jordan Trail \u00e9 uma trilha de caminhada de longa dist\u00e2ncia na Jord\u00e2nia; conectando toda a extens\u00e3o da Jord\u00e2nia de Umm Qais, no norte, a Aqaba, no sul. Oferecendo 40 dias de caminhada com mais de 650 quil\u00f4metros de trilha, viajando por 52 vilas e cidades na jornada maravilhosa, a trilha atravessa as diversas paisagens e vistas do interior da Jord\u00e2nia; das colinas arborizadas do norte, aos wadis escarpados e penhascos com vista para o Vale do Rift do Jord\u00e3o, a cidade rochosa de Petra, at\u00e9 as \u00e1guas cristalinas do Mar Vermelho.<\/p>\n<p>Ao caminhar pela Jordan Trail, ela se torna uma jornada pela hist\u00f3ria da Jord\u00e2nia e um encontro com sua cultura diversificada. Viajar por todo o pa\u00eds permite aos visitantes a chance de explorar as diferentes camadas da cultura; saboreando as variadas culin\u00e1rias da Jord\u00e2nia e conhecendo os locais enquanto passa noites gloriosas em casas de fam\u00edlia locais. A trilha passa pelos principais locais hist\u00f3ricos da regi\u00e3o, como Umm Qais, Jerash e Petra, al\u00e9m de abrigar ru\u00ednas escondidas que descansam entre a terra.<\/p>\n<p>Para saber mais sobre a Jordan Trail e acessar ferramentas para ajud\u00e1-lo a come\u00e7ar a planejar sua caminhada, visite www.JordanTrail.org&#8221; font_container=&#8221;tag:p|text_align:left&#8221; use_theme_fonts=&#8221;yes&#8221;]<div class='dt-sc-hr-invisible-small '> <\/div>[\/vc_column][vc_column width=&#8221;1\/3&#8243; css=&#8221;.vc_custom_1668588950575{background-position: center !important;background-repeat: no-repeat !important;background-size: cover !important;}&#8221; addstyles=&#8221;min-height: 400px;&#8221;][vc_single_image image=&#8221;10936&#8243; img_size=&#8221;full&#8221; alignment=&#8221;center&#8221;][\/vc_column][\/vc_row][vc_row][vc_column][vc_empty_space][\/vc_column][\/vc_row][vc_row][vc_column width=&#8221;1\/4&#8243;][vc_hoverbox image=&#8221;10945&#8243; primary_title=&#8221;&#8221; hover_title=&#8221;Petra&#8221;][\/vc_hoverbox][\/vc_column][vc_column width=&#8221;1\/4&#8243;][vc_hoverbox image=&#8221;10944&#8243; primary_title=&#8221;&#8221; hover_title=&#8221;Wadi Rum&#8221;][\/vc_hoverbox][\/vc_column][vc_column width=&#8221;1\/4&#8243;][vc_hoverbox image=&#8221;10943&#8243; primary_title=&#8221;&#8221; hover_title=&#8221;Amman&#8221;][\/vc_hoverbox][\/vc_column][vc_column width=&#8221;1\/4&#8243;][vc_hoverbox image=&#8221;10942&#8243; primary_title=&#8221;&#8221; hover_title=&#8221;The Dead Sea&#8221;][\/vc_hoverbox][\/vc_column][\/vc_row][vc_row][vc_column][vc_empty_space][\/vc_column][\/vc_row][vc_row][vc_column width=&#8221;1\/4&#8243;][vc_hoverbox image=&#8221;10941&#8243; primary_title=&#8221;&#8221; hover_title=&#8221;Madaba&#8221;][\/vc_hoverbox][\/vc_column][vc_column width=&#8221;1\/4&#8243;][vc_hoverbox image=&#8221;10940&#8243; primary_title=&#8221;&#8221; hover_title=&#8221;Aqaba&#8221;][\/vc_hoverbox][\/vc_column][vc_column width=&#8221;1\/4&#8243;][vc_hoverbox image=&#8221;10939&#8243; primary_title=&#8221;&#8221; hover_title=&#8221;Ajloun&#8221;][\/vc_hoverbox][\/vc_column][vc_column width=&#8221;1\/4&#8243;][vc_hoverbox image=&#8221;10938&#8243; primary_title=&#8221;&#8221; hover_title=&#8221;Dana &amp; Feynan&#8221;][\/vc_hoverbox][\/vc_column][\/vc_row][vc_row][vc_column][vc_empty_space][\/vc_column][\/vc_row][vc_row][vc_column width=&#8221;1\/4&#8243;][vc_hoverbox image=&#8221;10937&#8243; primary_title=&#8221;&#8221; hover_title=&#8221;Umm Qais&#8221;][\/vc_hoverbox][\/vc_column][vc_column width=&#8221;1\/4&#8243;][\/vc_column][vc_column width=&#8221;1\/4&#8243;][\/vc_column][vc_column width=&#8221;1\/4&#8243;][\/vc_column][\/vc_row][vc_row][vc_column][vc_empty_space][\/vc_column][\/vc_row]<\/p>\n","protected":false},"excerpt":{"rendered":"<p>[vc_row equal_height=&#8221;yes&#8221;][vc_column width=&#8221;2\/3&#8243;][vc_custom_heading text=&#8221;A Jordan Trail \u00e9 uma trilha de caminhada de longa dist\u00e2ncia na Jord\u00e2nia; conectando toda a extens\u00e3o da Jord\u00e2nia de Umm Qais, no norte, a Aqaba, no sul. Oferecendo 40 dias de caminhada com mais de 650 quil\u00f4metros de trilha, viajando por 52 vilas e cidades na jornada maravilhosa, a trilha atravessa [&hellip;]<\/p>\n","protected":false},"author":1,"featured_media":0,"parent":0,"menu_order":0,"comment_status":"closed","ping_status":"closed","template":"","meta":{"_joinchat":[]},"_links":{"self":[{"href":"https:\/\/goldencrowntours.com\/pr\/wp-json\/wp\/v2\/pages\/10780"}],"collection":[{"href":"https:\/\/goldencrowntours.com\/pr\/wp-json\/wp\/v2\/pages"}],"about":[{"href":"https:\/\/goldencrowntours.com\/pr\/wp-json\/wp\/v2\/types\/page"}],"author":[{"embeddable":true,"href":"https:\/\/goldencrowntours.com\/pr\/wp-json\/wp\/v2\/users\/1"}],"replies":[{"embeddable":true,"href":"https:\/\/goldencrowntours.com\/pr\/wp-json\/wp\/v2\/comments?post=10780"}],"version-history":[{"count":4,"href":"https:\/\/goldencrowntours.com\/pr\/wp-json\/wp\/v2\/pages\/10780\/revisions"}],"predecessor-version":[{"id":11654,"href":"https:\/\/goldencrowntours.com\/pr\/wp-json\/wp\/v2\/pages\/10780\/revisions\/11654"}],"wp:attachment":[{"href":"https:\/\/goldencrowntours.com\/pr\/wp-json\/wp\/v2\/media?parent=10780"}],"curies":[{"name":"wp","href":"https:\/\/api.w.org\/{rel}","templated":true}]}}