{"id":10718,"date":"2022-11-15T10:51:37","date_gmt":"2022-11-15T10:51:37","guid":{"rendered":"https:\/\/goldencrowntours.com\/?page_id=10718"},"modified":"2023-02-20T11:07:02","modified_gmt":"2023-02-20T11:07:02","slug":"jordan","status":"publish","type":"page","link":"https:\/\/goldencrowntours.com\/pr\/jordan\/","title":{"rendered":"Jordan"},"content":{"rendered":"<p>[vc_row equal_height=&#8221;yes&#8221;][vc_column width=&#8221;2\/3&#8243;]<div class='dt-sc-section-title alignleft  vc_custom_1676894679666'><h2><span><\/span> Jordan Vis\u00e3o geral<\/h2><p><\/p><\/div><div class='dt-sc-clear '> <\/div>[vc_custom_heading text=&#8221;O Reino Hachemita da Jord\u00e2nia, um lugar que j\u00e1 cativou viajantes antigos, continua a encantar uma nova gera\u00e7\u00e3o com sua mistura ecl\u00e9tica de modernidade e tradi\u00e7\u00e3o.<\/p>\n<p>Da encantadora rigidez de Wadi Rum ao inquieto centro urbano de Am\u00e3 e \u00e0s majestosas ru\u00ednas de civiliza\u00e7\u00f5es outrora esquecidas. A Jord\u00e2nia \u00e9 um destino \u00fanico que oferece paisagens de tirar o f\u00f4lego, acomoda\u00e7\u00f5es charmosas e culin\u00e1ria requintada. A Jord\u00e2nia \u00e9 o lar de in\u00fameras maravilhas que certamente o deixar\u00e3o maravilhado.<\/p>\n<p>Tornando-se silenciosamente um destino importante na regi\u00e3o, a Jord\u00e2nia testemunhou o surgimento de hot\u00e9is de luxo em Am\u00e3, Petra, Aqaba e no Mar Morto. Esteja voc\u00ea procurando a aut\u00eantica experi\u00eancia de mochileiro ou o refinamento casual do servi\u00e7o 5 estrelas, o Reino Hachemita \u00e9 adequado tanto para o aristocrata quanto para o modesto.&#8221; font_container=&#8221;tag:p|text_align:left&#8221; use_theme_fonts=&#8221;yes&#8221;]<div class='dt-sc-hr-invisible-small '> <\/div>[\/vc_column][vc_column width=&#8221;1\/3&#8243; css=&#8221;.vc_custom_1668512657577{background-image: url(https:\/\/goldencrowntours.com\/wp-content\/uploads\/2015\/06\/the-treasury-petra-scaled.jpg?id=10659) !important;background-position: center !important;background-repeat: no-repeat !important;background-size: cover !important;}&#8221; addstyles=&#8221;min-height: 400px;&#8221;][\/vc_column][\/vc_row][vc_row][vc_column][vc_empty_space][\/vc_column][\/vc_row][vc_row][vc_column width=&#8221;1\/3&#8243;][vc_single_image image=&#8221;10724&#8243; img_size=&#8221;full&#8221; alignment=&#8221;center&#8221; onclick=&#8221;custom_link&#8221;][\/vc_column][vc_column width=&#8221;2\/3&#8243;][vc_column_text]<\/p>\n<h3>ATUAL GOVERNO DA JORD\u00c2NIA<\/h3>\n<p>[\/vc_column_text][vc_btn title=&#8221;consulte Mais informa\u00e7\u00e3o&#8221; link=&#8221;url:https%3A%2F%2Fgoldencrowntours.com%2Fpr%2Fjordans-current-government%2F|||&#8221;][\/vc_column][\/vc_row][vc_row][vc_column width=&#8221;1\/3&#8243;][vc_single_image image=&#8221;10723&#8243; img_size=&#8221;full&#8221; alignment=&#8221;center&#8221; onclick=&#8221;custom_link&#8221;][\/vc_column][vc_column width=&#8221;2\/3&#8243;][vc_column_text]<\/p>\n<h3>A fam\u00edlia real<\/h3>\n<p>[\/vc_column_text][vc_btn title=&#8221;consulte Mais informa\u00e7\u00e3o&#8221; link=&#8221;url:https%3A%2F%2Fgoldencrowntours.com%2Fpr%2Fthe-royal-family%2F|||&#8221;][\/vc_column][\/vc_row][vc_row][vc_column width=&#8221;1\/3&#8243;][vc_single_image image=&#8221;10722&#8243; img_size=&#8221;full&#8221; alignment=&#8221;center&#8221; onclick=&#8221;custom_link&#8221;][\/vc_column][vc_column width=&#8221;2\/3&#8243;][vc_column_text]<\/p>\n<h3>Hist\u00f3ria da Jord\u00e2nia<\/h3>\n<p>[\/vc_column_text][vc_btn title=&#8221;consulte Mais informa\u00e7\u00e3o&#8221; link=&#8221;url:https%3A%2F%2Fgoldencrowntours.com%2Fpr%2Fjordans-history%2F|||&#8221;][\/vc_column][\/vc_row][vc_row][vc_column width=&#8221;1\/3&#8243;][vc_single_image image=&#8221;11531&#8243; img_size=&#8221;full&#8221; alignment=&#8221;center&#8221; onclick=&#8221;custom_link&#8221;][\/vc_column][vc_column width=&#8221;2\/3&#8243;][vc_column_text]<\/p>\n<div class=\"ctitle\">\n<h2>Cozinha local<\/h2>\n<\/div>\n<p>Prove a comida tradicional da Jord\u00e2nia preparada por fam\u00edlias locais como lebneh, azeitonas, Mansaf. Desfrute de uma demonstra\u00e7\u00e3o de como cozinhar Zarb no subsolo. Compartilhe suas experi\u00eancias com caf\u00e9 e ch\u00e1.[\/vc_column_text][\/vc_column][\/vc_row][vc_row][vc_column width=&#8221;1\/4&#8243;][\/vc_column][vc_column width=&#8221;1\/2&#8243;][vc_raw_html]JTNDaW1nJTIwaWQlM0QlMjJydGdfaW1hZ2Vfc3dpdGNoXzElMjIlMjBjbGFzcyUzRCUyMnJ0Z19jb2wzJTIwcnRnX2Zsb2F0X25vbmUlMjBsYXp5JTIyJTIwc3R5bGUlM0QlMjJkaXNwbGF5JTNBJTIwYmxvY2slM0IlMjB6LWluZGV4JTNBJTIwMTAlM0IlMjBoZWlnaHQlM0ElMjA2ODhweCUzQiUyMiUyMHVzZW1hcCUzRCUyMiUyM3VrdV9tZ19yb3V0ZW1hcCUyMiUyMHNyYyUzRCUyMmh0dHBzJTNBJTJGJTJGd3d3LnJlc3BvbnNpYmxldHJhdmVsLmNvbSUyRkltYWdlc0NsaWVudCUyRmpvcmRhbi13aGVyZS1tYXBVUERBVEVELmpwZyUyMiUzRQ==[\/vc_raw_html][\/vc_column][vc_column width=&#8221;1\/4&#8243;][\/vc_column][\/vc_row]<\/p>\n","protected":false},"excerpt":{"rendered":"<p>[vc_row equal_height=&#8221;yes&#8221;][vc_column width=&#8221;2\/3&#8243;][vc_custom_heading text=&#8221;O Reino Hachemita da Jord\u00e2nia, um lugar que j\u00e1 cativou viajantes antigos, continua a encantar uma nova gera\u00e7\u00e3o com sua mistura ecl\u00e9tica de modernidade e tradi\u00e7\u00e3o. Da encantadora rigidez de Wadi Rum ao inquieto centro urbano de Am\u00e3 e \u00e0s majestosas ru\u00ednas de civiliza\u00e7\u00f5es outrora esquecidas. A Jord\u00e2nia \u00e9 um destino \u00fanico [&hellip;]<\/p>\n","protected":false},"author":1,"featured_media":0,"parent":0,"menu_order":0,"comment_status":"closed","ping_status":"closed","template":"","meta":{"_joinchat":[]},"_links":{"self":[{"href":"https:\/\/goldencrowntours.com\/pr\/wp-json\/wp\/v2\/pages\/10718"}],"collection":[{"href":"https:\/\/goldencrowntours.com\/pr\/wp-json\/wp\/v2\/pages"}],"about":[{"href":"https:\/\/goldencrowntours.com\/pr\/wp-json\/wp\/v2\/types\/page"}],"author":[{"embeddable":true,"href":"https:\/\/goldencrowntours.com\/pr\/wp-json\/wp\/v2\/users\/1"}],"replies":[{"embeddable":true,"href":"https:\/\/goldencrowntours.com\/pr\/wp-json\/wp\/v2\/comments?post=10718"}],"version-history":[{"count":10,"href":"https:\/\/goldencrowntours.com\/pr\/wp-json\/wp\/v2\/pages\/10718\/revisions"}],"predecessor-version":[{"id":11648,"href":"https:\/\/goldencrowntours.com\/pr\/wp-json\/wp\/v2\/pages\/10718\/revisions\/11648"}],"wp:attachment":[{"href":"https:\/\/goldencrowntours.com\/pr\/wp-json\/wp\/v2\/media?parent=10718"}],"curies":[{"name":"wp","href":"https:\/\/api.w.org\/{rel}","templated":true}]}}